{"id":3359,"date":"2018-07-12T08:44:37","date_gmt":"2018-07-12T08:44:37","guid":{"rendered":"https:\/\/gastronomia-aragonesa.com\/tomates-sechees-frites-de-caspe\/"},"modified":"2019-03-27T17:15:30","modified_gmt":"2019-03-27T17:15:30","slug":"tomates-sechees-frites-de-caspe","status":"publish","type":"page","link":"https:\/\/gastronomia-aragonesa.com\/fr\/recettess\/tomates-sechees-frites-de-caspe\/","title":{"rendered":"Tomates s\u00e9ch\u00e9es frites de Caspe"},"content":{"rendered":"\t\t<div data-elementor-type=\"wp-post\" data-elementor-id=\"3359\" class=\"elementor elementor-3359 elementor-1937\" data-elementor-post-type=\"page\">\n\t\t\t\t\t\t<section class=\"elementor-section elementor-top-section elementor-element elementor-element-76431986 elementor-section-height-min-height elementor-section-items-top elementor-section-stretched elementor-section-boxed elementor-section-height-default\" data-id=\"76431986\" data-element_type=\"section\" data-settings=\"{&quot;background_background&quot;:&quot;gradient&quot;,&quot;stretch_section&quot;:&quot;section-stretched&quot;}\">\n\t\t\t\t\t\t\t<div class=\"elementor-background-overlay\"><\/div>\n\t\t\t\t\t\t\t<div class=\"elementor-container elementor-column-gap-default\">\n\t\t\t\t\t<div class=\"elementor-column elementor-col-100 elementor-top-column elementor-element elementor-element-6e0cbc25\" data-id=\"6e0cbc25\" data-element_type=\"column\">\n\t\t\t<div class=\"elementor-widget-wrap elementor-element-populated\">\n\t\t\t\t\t\t<div class=\"elementor-element elementor-element-74ad5834 elementor-widget elementor-widget-heading\" data-id=\"74ad5834\" data-element_type=\"widget\" data-widget_type=\"heading.default\">\n\t\t\t\t<div class=\"elementor-widget-container\">\n\t\t\t\t\t<h2 class=\"elementor-heading-title elementor-size-default\">Tomates s\u00e9ch\u00e9es frites de Caspe<\/h2>\t\t\t\t<\/div>\n\t\t\t\t<\/div>\n\t\t\t\t\t<\/div>\n\t\t<\/div>\n\t\t\t\t\t<\/div>\n\t\t<\/section>\n\t\t\t\t<section class=\"elementor-section elementor-top-section elementor-element elementor-element-637d591b elementor-section-content-middle elementor-section-stretched elementor-section-boxed elementor-section-height-default elementor-section-height-default\" data-id=\"637d591b\" data-element_type=\"section\" data-settings=\"{&quot;stretch_section&quot;:&quot;section-stretched&quot;}\">\n\t\t\t\t\t\t<div class=\"elementor-container elementor-column-gap-no\">\n\t\t\t\t\t<div class=\"elementor-column elementor-col-50 elementor-top-column elementor-element elementor-element-7dd0355e\" data-id=\"7dd0355e\" data-element_type=\"column\">\n\t\t\t<div class=\"elementor-widget-wrap elementor-element-populated\">\n\t\t\t\t\t\t<div class=\"elementor-element elementor-element-2dd663f4 elementor-widget elementor-widget-image\" data-id=\"2dd663f4\" data-element_type=\"widget\" data-widget_type=\"image.default\">\n\t\t\t\t<div class=\"elementor-widget-container\">\n\t\t\t\t\t\t\t\t\t\t\t\t\t\t\t<img fetchpriority=\"high\" decoding=\"async\" width=\"1024\" height=\"669\" src=\"https:\/\/gastronomia-aragonesa.com\/wp-content\/uploads\/2018\/04\/tomates-secos-fritos-de-caspe-2-1024x669.jpg\" class=\"attachment-large size-large wp-image-3300\" alt=\"Tomates s\u00e9ch\u00e9es frites de Caspe 2\" srcset=\"https:\/\/gastronomia-aragonesa.com\/wp-content\/uploads\/2018\/04\/tomates-secos-fritos-de-caspe-2.jpg 1024w, https:\/\/gastronomia-aragonesa.com\/wp-content\/uploads\/2018\/04\/tomates-secos-fritos-de-caspe-2-300x196.jpg 300w, https:\/\/gastronomia-aragonesa.com\/wp-content\/uploads\/2018\/04\/tomates-secos-fritos-de-caspe-2-768x502.jpg 768w\" sizes=\"(max-width: 1024px) 100vw, 1024px\" \/>\t\t\t\t\t\t\t\t\t\t\t\t\t\t\t<\/div>\n\t\t\t\t<\/div>\n\t\t\t\t\t<\/div>\n\t\t<\/div>\n\t\t\t\t<div class=\"elementor-column elementor-col-50 elementor-top-column elementor-element elementor-element-23d473b0\" data-id=\"23d473b0\" data-element_type=\"column\">\n\t\t\t<div class=\"elementor-widget-wrap elementor-element-populated\">\n\t\t\t\t\t\t<div class=\"elementor-element elementor-element-183d7b39 elementor-widget elementor-widget-heading\" data-id=\"183d7b39\" data-element_type=\"widget\" data-widget_type=\"heading.default\">\n\t\t\t\t<div class=\"elementor-widget-container\">\n\t\t\t\t\t<h4 class=\"elementor-heading-title elementor-size-default\">Ingr\u00e9dients (4 personnes)<\/h4>\t\t\t\t<\/div>\n\t\t\t\t<\/div>\n\t\t\t\t<div class=\"elementor-element elementor-element-4c5f1492 elementor-align-start elementor-icon-list--layout-traditional elementor-list-item-link-full_width elementor-widget elementor-widget-icon-list\" data-id=\"4c5f1492\" data-element_type=\"widget\" data-widget_type=\"icon-list.default\">\n\t\t\t\t<div class=\"elementor-widget-container\">\n\t\t\t\t\t\t\t<ul class=\"elementor-icon-list-items\">\n\t\t\t\t\t\t\t<li class=\"elementor-icon-list-item\">\n\t\t\t\t\t\t\t\t\t\t\t<span class=\"elementor-icon-list-icon\">\n\t\t\t\t\t\t\t\t\t\t\t\t\t\t\t\t<i class=\"fa fa-check\" aria-hidden=\"true\"><\/i>\n\t\t\t\t\t\t\t\t\t\t\t\t\t<\/span>\n\t\t\t\t\t\t\t\t\t\t<span class=\"elementor-icon-list-text\">tomates<\/span>\n\t\t\t\t\t\t\t\t\t<\/li>\n\t\t\t\t\t\t\t\t<li class=\"elementor-icon-list-item\">\n\t\t\t\t\t\t\t\t\t\t\t<span class=\"elementor-icon-list-icon\">\n\t\t\t\t\t\t\t\t\t\t\t\t\t\t\t\t<i class=\"fa fa-check\" aria-hidden=\"true\"><\/i>\n\t\t\t\t\t\t\t\t\t\t\t\t\t<\/span>\n\t\t\t\t\t\t\t\t\t\t<span class=\"elementor-icon-list-text\">eau<\/span>\n\t\t\t\t\t\t\t\t\t<\/li>\n\t\t\t\t\t\t\t\t<li class=\"elementor-icon-list-item\">\n\t\t\t\t\t\t\t\t\t\t\t<span class=\"elementor-icon-list-icon\">\n\t\t\t\t\t\t\t\t\t\t\t\t\t\t\t\t<i class=\"fa fa-check\" aria-hidden=\"true\"><\/i>\n\t\t\t\t\t\t\t\t\t\t\t\t\t<\/span>\n\t\t\t\t\t\t\t\t\t\t<span class=\"elementor-icon-list-text\">huile<\/span>\n\t\t\t\t\t\t\t\t\t<\/li>\n\t\t\t\t\t\t<\/ul>\n\t\t\t\t\t\t<\/div>\n\t\t\t\t<\/div>\n\t\t\t\t\t<\/div>\n\t\t<\/div>\n\t\t\t\t\t<\/div>\n\t\t<\/section>\n\t\t\t\t<section class=\"elementor-section elementor-top-section elementor-element elementor-element-1a5c9b7c elementor-section-content-middle elementor-section-boxed elementor-section-height-default elementor-section-height-default\" data-id=\"1a5c9b7c\" data-element_type=\"section\">\n\t\t\t\t\t\t<div class=\"elementor-container elementor-column-gap-default\">\n\t\t\t\t\t<div class=\"elementor-column elementor-col-50 elementor-top-column elementor-element elementor-element-7e7e8ff9\" data-id=\"7e7e8ff9\" data-element_type=\"column\">\n\t\t\t<div class=\"elementor-widget-wrap elementor-element-populated\">\n\t\t\t\t\t\t<div class=\"elementor-element elementor-element-396eb8a4 elementor-widget elementor-widget-heading\" data-id=\"396eb8a4\" data-element_type=\"widget\" data-widget_type=\"heading.default\">\n\t\t\t\t<div class=\"elementor-widget-container\">\n\t\t\t\t\t<h4 class=\"elementor-heading-title elementor-size-default\">pr\u00e9paration<\/h4>\t\t\t\t<\/div>\n\t\t\t\t<\/div>\n\t\t\t\t<div class=\"elementor-element elementor-element-11f769e7 elementor-widget elementor-widget-text-editor\" data-id=\"11f769e7\" data-element_type=\"widget\" data-widget_type=\"text-editor.default\">\n\t\t\t\t<div class=\"elementor-widget-container\">\n\t\t\t\t\t\t\t\t\t<p>Tout d&rsquo;abord, vous devez mettre les tomates \u00e0 s\u00e9cher \u00e0 l\u2019air libre afin que, avec l&rsquo;aide du soleil, ils perdent toute l&rsquo;eau et semblent pauvres. Une fois s\u00e8ches, laissez-les reposer toute la nuit dans de l&rsquo;eau chaude. Le lendemain matin, mettez-les \u00e0 frire dans une po\u00eale avec beaucoup d&rsquo;huile chaude. Les tomates retrouvent tout l&rsquo;esprit estival condens\u00e9 et rehauss\u00e9 de friture.<\/p>\n\t\t\t\t\t\t\t\t<\/div>\n\t\t\t\t<\/div>\n\t\t\t\t\t<\/div>\n\t\t<\/div>\n\t\t\t\t<div class=\"elementor-column elementor-col-50 elementor-top-column elementor-element elementor-element-24f3705f\" data-id=\"24f3705f\" data-element_type=\"column\">\n\t\t\t<div class=\"elementor-widget-wrap elementor-element-populated\">\n\t\t\t\t\t\t<div class=\"elementor-element elementor-element-53dcb1b1 elementor-align-center elementor-widget elementor-widget-button\" data-id=\"53dcb1b1\" data-element_type=\"widget\" data-widget_type=\"button.default\">\n\t\t\t\t<div class=\"elementor-widget-container\">\n\t\t\t\t\t\t\t\t\t<div class=\"elementor-button-wrapper\">\n\t\t\t\t\t<a class=\"elementor-button elementor-button-link elementor-size-sm\" href=\"https:\/\/gastronomia-aragonesa.com\/fr\/recettess\/\">\n\t\t\t\t\t\t<span class=\"elementor-button-content-wrapper\">\n\t\t\t\t\t\t<span class=\"elementor-button-icon\">\n\t\t\t\t\t\t\t\t\t<i class=\"fa fa-arrow-circle-left\" aria-hidden=\"true\"><\/i>\n\t\t\t\t\t\t\t<\/span>\n\t\t\t\t\t\t\t\t\t<span class=\"elementor-button-text\">Retourner aux recettes<\/span>\n\t\t\t\t\t<\/span>\n\t\t\t\t\t<\/a>\n\t\t\t\t<\/div>\n\t\t\t\t\t\t\t\t<\/div>\n\t\t\t\t<\/div>\n\t\t\t\t\t<\/div>\n\t\t<\/div>\n\t\t\t\t\t<\/div>\n\t\t<\/section>\n\t\t\t\t<\/div>\n\t\t","protected":false},"excerpt":{"rendered":"<p>Tomates s\u00e9ch\u00e9es frites de Caspe Ingr\u00e9dients (4 personnes) tomates eau huile pr\u00e9paration Tout d&rsquo;abord, vous devez mettre les tomates \u00e0 s\u00e9cher \u00e0 l\u2019air libre afin que, avec l&rsquo;aide du soleil, ils perdent toute l&rsquo;eau et semblent pauvres. Une fois s\u00e8ches, laissez-les reposer toute la nuit dans de l&rsquo;eau chaude. Le lendemain matin, mettez-les \u00e0 frire &#8230; <a title=\"Tomates s\u00e9ch\u00e9es frites de Caspe\" class=\"read-more\" href=\"https:\/\/gastronomia-aragonesa.com\/fr\/recettess\/tomates-sechees-frites-de-caspe\/\" aria-label=\"En savoir plus sur Tomates s\u00e9ch\u00e9es frites de Caspe\">Lire la suite<\/a><\/p>\n","protected":false},"author":2,"featured_media":0,"parent":3422,"menu_order":21,"comment_status":"closed","ping_status":"closed","template":"","meta":{"_acf_changed":false,"generate_page_header":"","footnotes":""},"class_list":["post-3359","page","type-page","status-publish"],"acf":[],"yoast_head":"<!-- This site is optimized with the Yoast SEO plugin v26.6 - https:\/\/yoast.com\/wordpress\/plugins\/seo\/ -->\n<title>Tomates s\u00e9ch\u00e9es frites de Caspe - Gastronom\u00eda Aragonesa<\/title>\n<meta name=\"description\" content=\"Tout d\u2019abord, vous devez mettre les tomates \u00e0 s\u00e9cher \u00e0 l\u2019air libre afin que, avec l\u2019aide du soleil, ils perdent toute l\u2019eau et semblent pauvres. Une fois s\u00e8ches,\" \/>\n<meta name=\"robots\" content=\"index, follow, max-snippet:-1, max-image-preview:large, max-video-preview:-1\" \/>\n<link rel=\"canonical\" href=\"https:\/\/gastronomia-aragonesa.com\/recetas\/tomates-secos-fritos-de-caspe\/\" \/>\n<meta property=\"og:locale\" content=\"fr_FR\" \/>\n<meta property=\"og:type\" content=\"article\" \/>\n<meta property=\"og:title\" content=\"Tomates s\u00e9ch\u00e9es frites de Caspe - Gastronom\u00eda Aragonesa\" \/>\n<meta property=\"og:description\" content=\"Tout d\u2019abord, vous devez mettre les tomates \u00e0 s\u00e9cher \u00e0 l\u2019air libre afin que, avec l\u2019aide du soleil, ils perdent toute l\u2019eau et semblent pauvres. Une fois s\u00e8ches,\" \/>\n<meta property=\"og:url\" content=\"https:\/\/gastronomia-aragonesa.com\/recetas\/tomates-secos-fritos-de-caspe\/\" \/>\n<meta property=\"og:site_name\" content=\"Gastronom\u00eda Aragonesa\" \/>\n<meta property=\"article:modified_time\" content=\"2019-03-27T17:15:30+00:00\" \/>\n<meta property=\"og:image\" content=\"https:\/\/gastronomia-aragonesa.com\/wp-content\/uploads\/2018\/04\/tomates-secos-fritos-de-caspe-2-1024x669.jpg\" \/>\n<meta name=\"twitter:card\" content=\"summary_large_image\" \/>\n<script type=\"application\/ld+json\" class=\"yoast-schema-graph\">{\"@context\":\"https:\/\/schema.org\",\"@graph\":[{\"@type\":\"WebPage\",\"@id\":\"https:\/\/gastronomia-aragonesa.com\/recetas\/tomates-secos-fritos-de-caspe\/\",\"url\":\"https:\/\/gastronomia-aragonesa.com\/recetas\/tomates-secos-fritos-de-caspe\/\",\"name\":\"Tomates s\u00e9ch\u00e9es frites de Caspe - Gastronom\u00eda Aragonesa\",\"isPartOf\":{\"@id\":\"https:\/\/gastronomia-aragonesa.com\/#website\"},\"primaryImageOfPage\":{\"@id\":\"https:\/\/gastronomia-aragonesa.com\/recetas\/tomates-secos-fritos-de-caspe\/#primaryimage\"},\"image\":{\"@id\":\"https:\/\/gastronomia-aragonesa.com\/recetas\/tomates-secos-fritos-de-caspe\/#primaryimage\"},\"thumbnailUrl\":\"https:\/\/gastronomia-aragonesa.com\/wp-content\/uploads\/2018\/04\/tomates-secos-fritos-de-caspe-2-1024x669.jpg\",\"datePublished\":\"2018-07-12T08:44:37+00:00\",\"dateModified\":\"2019-03-27T17:15:30+00:00\",\"description\":\"Tout d\u2019abord, vous devez mettre les tomates \u00e0 s\u00e9cher \u00e0 l\u2019air libre afin que, avec l\u2019aide du soleil, ils perdent toute l\u2019eau et semblent pauvres. Une fois s\u00e8ches,\",\"breadcrumb\":{\"@id\":\"https:\/\/gastronomia-aragonesa.com\/recetas\/tomates-secos-fritos-de-caspe\/#breadcrumb\"},\"inLanguage\":\"fr-FR\",\"potentialAction\":[{\"@type\":\"ReadAction\",\"target\":[\"https:\/\/gastronomia-aragonesa.com\/recetas\/tomates-secos-fritos-de-caspe\/\"]}]},{\"@type\":\"ImageObject\",\"inLanguage\":\"fr-FR\",\"@id\":\"https:\/\/gastronomia-aragonesa.com\/recetas\/tomates-secos-fritos-de-caspe\/#primaryimage\",\"url\":\"https:\/\/gastronomia-aragonesa.com\/wp-content\/uploads\/2018\/04\/tomates-secos-fritos-de-caspe-2-1024x669.jpg\",\"contentUrl\":\"https:\/\/gastronomia-aragonesa.com\/wp-content\/uploads\/2018\/04\/tomates-secos-fritos-de-caspe-2-1024x669.jpg\"},{\"@type\":\"BreadcrumbList\",\"@id\":\"https:\/\/gastronomia-aragonesa.com\/recetas\/tomates-secos-fritos-de-caspe\/#breadcrumb\",\"itemListElement\":[{\"@type\":\"ListItem\",\"position\":1,\"name\":\"Portada\",\"item\":\"https:\/\/gastronomia-aragonesa.com\/\"},{\"@type\":\"ListItem\",\"position\":2,\"name\":\"RECETTES\",\"item\":\"https:\/\/gastronomia-aragonesa.com\/recetas\/\"},{\"@type\":\"ListItem\",\"position\":3,\"name\":\"Tomates s\u00e9ch\u00e9es frites de Caspe\"}]},{\"@type\":\"WebSite\",\"@id\":\"https:\/\/gastronomia-aragonesa.com\/#website\",\"url\":\"https:\/\/gastronomia-aragonesa.com\/\",\"name\":\"Gastronom\u00eda Aragonesa\",\"description\":\"\",\"publisher\":{\"@id\":\"https:\/\/gastronomia-aragonesa.com\/#organization\"},\"potentialAction\":[{\"@type\":\"SearchAction\",\"target\":{\"@type\":\"EntryPoint\",\"urlTemplate\":\"https:\/\/gastronomia-aragonesa.com\/?s={search_term_string}\"},\"query-input\":{\"@type\":\"PropertyValueSpecification\",\"valueRequired\":true,\"valueName\":\"search_term_string\"}}],\"inLanguage\":\"fr-FR\"},{\"@type\":\"Organization\",\"@id\":\"https:\/\/gastronomia-aragonesa.com\/#organization\",\"name\":\"Gastronom\u00eda Aragonesa, Turismo de Arag\u00f3n\",\"url\":\"https:\/\/gastronomia-aragonesa.com\/\",\"logo\":{\"@type\":\"ImageObject\",\"inLanguage\":\"fr-FR\",\"@id\":\"https:\/\/gastronomia-aragonesa.com\/#\/schema\/logo\/image\/\",\"url\":\"https:\/\/gastronomia-aragonesa.com\/wp-content\/uploads\/2019\/04\/gastronomia-aragonesa-turismo-de-aragon-1.png\",\"contentUrl\":\"https:\/\/gastronomia-aragonesa.com\/wp-content\/uploads\/2019\/04\/gastronomia-aragonesa-turismo-de-aragon-1.png\",\"width\":260,\"height\":69,\"caption\":\"Gastronom\u00eda Aragonesa, Turismo de Arag\u00f3n\"},\"image\":{\"@id\":\"https:\/\/gastronomia-aragonesa.com\/#\/schema\/logo\/image\/\"}}]}<\/script>\n<!-- \/ Yoast SEO plugin. -->","yoast_head_json":{"title":"Tomates s\u00e9ch\u00e9es frites de Caspe - Gastronom\u00eda Aragonesa","description":"Tout d\u2019abord, vous devez mettre les tomates \u00e0 s\u00e9cher \u00e0 l\u2019air libre afin que, avec l\u2019aide du soleil, ils perdent toute l\u2019eau et semblent pauvres. Une fois s\u00e8ches,","robots":{"index":"index","follow":"follow","max-snippet":"max-snippet:-1","max-image-preview":"max-image-preview:large","max-video-preview":"max-video-preview:-1"},"canonical":"https:\/\/gastronomia-aragonesa.com\/recetas\/tomates-secos-fritos-de-caspe\/","og_locale":"fr_FR","og_type":"article","og_title":"Tomates s\u00e9ch\u00e9es frites de Caspe - Gastronom\u00eda Aragonesa","og_description":"Tout d\u2019abord, vous devez mettre les tomates \u00e0 s\u00e9cher \u00e0 l\u2019air libre afin que, avec l\u2019aide du soleil, ils perdent toute l\u2019eau et semblent pauvres. Une fois s\u00e8ches,","og_url":"https:\/\/gastronomia-aragonesa.com\/recetas\/tomates-secos-fritos-de-caspe\/","og_site_name":"Gastronom\u00eda Aragonesa","article_modified_time":"2019-03-27T17:15:30+00:00","og_image":[{"url":"https:\/\/gastronomia-aragonesa.com\/wp-content\/uploads\/2018\/04\/tomates-secos-fritos-de-caspe-2-1024x669.jpg","type":"","width":"","height":""}],"twitter_card":"summary_large_image","schema":{"@context":"https:\/\/schema.org","@graph":[{"@type":"WebPage","@id":"https:\/\/gastronomia-aragonesa.com\/recetas\/tomates-secos-fritos-de-caspe\/","url":"https:\/\/gastronomia-aragonesa.com\/recetas\/tomates-secos-fritos-de-caspe\/","name":"Tomates s\u00e9ch\u00e9es frites de Caspe - Gastronom\u00eda Aragonesa","isPartOf":{"@id":"https:\/\/gastronomia-aragonesa.com\/#website"},"primaryImageOfPage":{"@id":"https:\/\/gastronomia-aragonesa.com\/recetas\/tomates-secos-fritos-de-caspe\/#primaryimage"},"image":{"@id":"https:\/\/gastronomia-aragonesa.com\/recetas\/tomates-secos-fritos-de-caspe\/#primaryimage"},"thumbnailUrl":"https:\/\/gastronomia-aragonesa.com\/wp-content\/uploads\/2018\/04\/tomates-secos-fritos-de-caspe-2-1024x669.jpg","datePublished":"2018-07-12T08:44:37+00:00","dateModified":"2019-03-27T17:15:30+00:00","description":"Tout d\u2019abord, vous devez mettre les tomates \u00e0 s\u00e9cher \u00e0 l\u2019air libre afin que, avec l\u2019aide du soleil, ils perdent toute l\u2019eau et semblent pauvres. Une fois s\u00e8ches,","breadcrumb":{"@id":"https:\/\/gastronomia-aragonesa.com\/recetas\/tomates-secos-fritos-de-caspe\/#breadcrumb"},"inLanguage":"fr-FR","potentialAction":[{"@type":"ReadAction","target":["https:\/\/gastronomia-aragonesa.com\/recetas\/tomates-secos-fritos-de-caspe\/"]}]},{"@type":"ImageObject","inLanguage":"fr-FR","@id":"https:\/\/gastronomia-aragonesa.com\/recetas\/tomates-secos-fritos-de-caspe\/#primaryimage","url":"https:\/\/gastronomia-aragonesa.com\/wp-content\/uploads\/2018\/04\/tomates-secos-fritos-de-caspe-2-1024x669.jpg","contentUrl":"https:\/\/gastronomia-aragonesa.com\/wp-content\/uploads\/2018\/04\/tomates-secos-fritos-de-caspe-2-1024x669.jpg"},{"@type":"BreadcrumbList","@id":"https:\/\/gastronomia-aragonesa.com\/recetas\/tomates-secos-fritos-de-caspe\/#breadcrumb","itemListElement":[{"@type":"ListItem","position":1,"name":"Portada","item":"https:\/\/gastronomia-aragonesa.com\/"},{"@type":"ListItem","position":2,"name":"RECETTES","item":"https:\/\/gastronomia-aragonesa.com\/recetas\/"},{"@type":"ListItem","position":3,"name":"Tomates s\u00e9ch\u00e9es frites de Caspe"}]},{"@type":"WebSite","@id":"https:\/\/gastronomia-aragonesa.com\/#website","url":"https:\/\/gastronomia-aragonesa.com\/","name":"Gastronom\u00eda Aragonesa","description":"","publisher":{"@id":"https:\/\/gastronomia-aragonesa.com\/#organization"},"potentialAction":[{"@type":"SearchAction","target":{"@type":"EntryPoint","urlTemplate":"https:\/\/gastronomia-aragonesa.com\/?s={search_term_string}"},"query-input":{"@type":"PropertyValueSpecification","valueRequired":true,"valueName":"search_term_string"}}],"inLanguage":"fr-FR"},{"@type":"Organization","@id":"https:\/\/gastronomia-aragonesa.com\/#organization","name":"Gastronom\u00eda Aragonesa, Turismo de Arag\u00f3n","url":"https:\/\/gastronomia-aragonesa.com\/","logo":{"@type":"ImageObject","inLanguage":"fr-FR","@id":"https:\/\/gastronomia-aragonesa.com\/#\/schema\/logo\/image\/","url":"https:\/\/gastronomia-aragonesa.com\/wp-content\/uploads\/2019\/04\/gastronomia-aragonesa-turismo-de-aragon-1.png","contentUrl":"https:\/\/gastronomia-aragonesa.com\/wp-content\/uploads\/2019\/04\/gastronomia-aragonesa-turismo-de-aragon-1.png","width":260,"height":69,"caption":"Gastronom\u00eda Aragonesa, Turismo de Arag\u00f3n"},"image":{"@id":"https:\/\/gastronomia-aragonesa.com\/#\/schema\/logo\/image\/"}}]}},"_links":{"self":[{"href":"https:\/\/gastronomia-aragonesa.com\/fr\/wp-json\/wp\/v2\/pages\/3359","targetHints":{"allow":["GET"]}}],"collection":[{"href":"https:\/\/gastronomia-aragonesa.com\/fr\/wp-json\/wp\/v2\/pages"}],"about":[{"href":"https:\/\/gastronomia-aragonesa.com\/fr\/wp-json\/wp\/v2\/types\/page"}],"author":[{"embeddable":true,"href":"https:\/\/gastronomia-aragonesa.com\/fr\/wp-json\/wp\/v2\/users\/2"}],"replies":[{"embeddable":true,"href":"https:\/\/gastronomia-aragonesa.com\/fr\/wp-json\/wp\/v2\/comments?post=3359"}],"version-history":[{"count":3,"href":"https:\/\/gastronomia-aragonesa.com\/fr\/wp-json\/wp\/v2\/pages\/3359\/revisions"}],"predecessor-version":[{"id":5710,"href":"https:\/\/gastronomia-aragonesa.com\/fr\/wp-json\/wp\/v2\/pages\/3359\/revisions\/5710"}],"up":[{"embeddable":true,"href":"https:\/\/gastronomia-aragonesa.com\/fr\/wp-json\/wp\/v2\/pages\/3422"}],"wp:attachment":[{"href":"https:\/\/gastronomia-aragonesa.com\/fr\/wp-json\/wp\/v2\/media?parent=3359"}],"curies":[{"name":"wp","href":"https:\/\/api.w.org\/{rel}","templated":true}]}}