{"id":3357,"date":"2018-07-12T08:43:05","date_gmt":"2018-07-12T08:43:05","guid":{"rendered":"https:\/\/gastronomia-aragonesa.com\/ternasco-roti-avec-des-pommes-de-terre-a-lo-pobre\/"},"modified":"2019-03-27T17:11:32","modified_gmt":"2019-03-27T17:11:32","slug":"ternasco-roti-avec-des-pommes-de-terre-a-lo-pobre","status":"publish","type":"page","link":"https:\/\/gastronomia-aragonesa.com\/fr\/recettess\/ternasco-roti-avec-des-pommes-de-terre-a-lo-pobre\/","title":{"rendered":"Ternasco r\u00f4ti avec des pommes de terre a lo pobre"},"content":{"rendered":"\t\t<div data-elementor-type=\"wp-post\" data-elementor-id=\"3357\" class=\"elementor elementor-3357 elementor-1304\" data-elementor-post-type=\"page\">\n\t\t\t\t\t\t<section class=\"elementor-section elementor-top-section elementor-element elementor-element-5daf0320 elementor-section-height-min-height elementor-section-items-top elementor-section-stretched elementor-section-boxed elementor-section-height-default\" data-id=\"5daf0320\" data-element_type=\"section\" data-settings=\"{&quot;background_background&quot;:&quot;gradient&quot;,&quot;stretch_section&quot;:&quot;section-stretched&quot;}\">\n\t\t\t\t\t\t\t<div class=\"elementor-background-overlay\"><\/div>\n\t\t\t\t\t\t\t<div class=\"elementor-container elementor-column-gap-default\">\n\t\t\t\t\t<div class=\"elementor-column elementor-col-100 elementor-top-column elementor-element elementor-element-fd18605\" data-id=\"fd18605\" data-element_type=\"column\">\n\t\t\t<div class=\"elementor-widget-wrap elementor-element-populated\">\n\t\t\t\t\t\t<div class=\"elementor-element elementor-element-396e6bb0 elementor-widget elementor-widget-heading\" data-id=\"396e6bb0\" data-element_type=\"widget\" data-widget_type=\"heading.default\">\n\t\t\t\t<div class=\"elementor-widget-container\">\n\t\t\t\t\t<h2 class=\"elementor-heading-title elementor-size-default\">Ternasco r\u00f4ti avec des pommes de terre a lo pobre<\/h2>\t\t\t\t<\/div>\n\t\t\t\t<\/div>\n\t\t\t\t\t<\/div>\n\t\t<\/div>\n\t\t\t\t\t<\/div>\n\t\t<\/section>\n\t\t\t\t<section class=\"elementor-section elementor-top-section elementor-element elementor-element-6f8fada3 elementor-section-content-middle elementor-section-stretched elementor-section-boxed elementor-section-height-default elementor-section-height-default\" data-id=\"6f8fada3\" data-element_type=\"section\" data-settings=\"{&quot;stretch_section&quot;:&quot;section-stretched&quot;}\">\n\t\t\t\t\t\t<div class=\"elementor-container elementor-column-gap-no\">\n\t\t\t\t\t<div class=\"elementor-column elementor-col-50 elementor-top-column elementor-element elementor-element-58f86918\" data-id=\"58f86918\" data-element_type=\"column\">\n\t\t\t<div class=\"elementor-widget-wrap elementor-element-populated\">\n\t\t\t\t\t\t<div class=\"elementor-element elementor-element-5bf06306 elementor-widget elementor-widget-image\" data-id=\"5bf06306\" data-element_type=\"widget\" data-widget_type=\"image.default\">\n\t\t\t\t<div class=\"elementor-widget-container\">\n\t\t\t\t\t\t\t\t\t\t\t\t\t\t\t<img fetchpriority=\"high\" decoding=\"async\" width=\"1024\" height=\"669\" src=\"https:\/\/gastronomia-aragonesa.com\/wp-content\/uploads\/2018\/04\/ternasco-asado-con-patatas-a-lo-pobre-2-1024x669.jpg\" class=\"attachment-large size-large wp-image-3303\" alt=\"Ternasco r\u00f4ti avec des pommes de terre a lo pobre 2\" srcset=\"https:\/\/gastronomia-aragonesa.com\/wp-content\/uploads\/2018\/04\/ternasco-asado-con-patatas-a-lo-pobre-2.jpg 1024w, https:\/\/gastronomia-aragonesa.com\/wp-content\/uploads\/2018\/04\/ternasco-asado-con-patatas-a-lo-pobre-2-300x196.jpg 300w, https:\/\/gastronomia-aragonesa.com\/wp-content\/uploads\/2018\/04\/ternasco-asado-con-patatas-a-lo-pobre-2-768x502.jpg 768w\" sizes=\"(max-width: 1024px) 100vw, 1024px\" \/>\t\t\t\t\t\t\t\t\t\t\t\t\t\t\t<\/div>\n\t\t\t\t<\/div>\n\t\t\t\t\t<\/div>\n\t\t<\/div>\n\t\t\t\t<div class=\"elementor-column elementor-col-50 elementor-top-column elementor-element elementor-element-7f586994\" data-id=\"7f586994\" data-element_type=\"column\">\n\t\t\t<div class=\"elementor-widget-wrap elementor-element-populated\">\n\t\t\t\t\t\t<div class=\"elementor-element elementor-element-f73479b elementor-widget elementor-widget-heading\" data-id=\"f73479b\" data-element_type=\"widget\" data-widget_type=\"heading.default\">\n\t\t\t\t<div class=\"elementor-widget-container\">\n\t\t\t\t\t<h4 class=\"elementor-heading-title elementor-size-default\">Ingr\u00e9dients (4 personnes)<\/h4>\t\t\t\t<\/div>\n\t\t\t\t<\/div>\n\t\t\t\t<div class=\"elementor-element elementor-element-57141312 elementor-align-start elementor-icon-list--layout-traditional elementor-list-item-link-full_width elementor-widget elementor-widget-icon-list\" data-id=\"57141312\" data-element_type=\"widget\" data-widget_type=\"icon-list.default\">\n\t\t\t\t<div class=\"elementor-widget-container\">\n\t\t\t\t\t\t\t<ul class=\"elementor-icon-list-items\">\n\t\t\t\t\t\t\t<li class=\"elementor-icon-list-item\">\n\t\t\t\t\t\t\t\t\t\t\t<span class=\"elementor-icon-list-icon\">\n\t\t\t\t\t\t\t\t\t\t\t\t\t\t\t\t<i class=\"fa fa-check\" aria-hidden=\"true\"><\/i>\n\t\t\t\t\t\t\t\t\t\t\t\t\t<\/span>\n\t\t\t\t\t\t\t\t\t\t<span class=\"elementor-icon-list-text\">1,5 kg. de ternasco<\/span>\n\t\t\t\t\t\t\t\t\t<\/li>\n\t\t\t\t\t\t\t\t<li class=\"elementor-icon-list-item\">\n\t\t\t\t\t\t\t\t\t\t\t<span class=\"elementor-icon-list-icon\">\n\t\t\t\t\t\t\t\t\t\t\t\t\t\t\t\t<i class=\"fa fa-check\" aria-hidden=\"true\"><\/i>\n\t\t\t\t\t\t\t\t\t\t\t\t\t<\/span>\n\t\t\t\t\t\t\t\t\t\t<span class=\"elementor-icon-list-text\">2 kg. de pommes de terre<\/span>\n\t\t\t\t\t\t\t\t\t<\/li>\n\t\t\t\t\t\t\t\t<li class=\"elementor-icon-list-item\">\n\t\t\t\t\t\t\t\t\t\t\t<span class=\"elementor-icon-list-icon\">\n\t\t\t\t\t\t\t\t\t\t\t\t\t\t\t\t<i class=\"fa fa-check\" aria-hidden=\"true\"><\/i>\n\t\t\t\t\t\t\t\t\t\t\t\t\t<\/span>\n\t\t\t\t\t\t\t\t\t\t<span class=\"elementor-icon-list-text\">6 gousses d'ail<\/span>\n\t\t\t\t\t\t\t\t\t<\/li>\n\t\t\t\t\t\t\t\t<li class=\"elementor-icon-list-item\">\n\t\t\t\t\t\t\t\t\t\t\t<span class=\"elementor-icon-list-icon\">\n\t\t\t\t\t\t\t\t\t\t\t\t\t\t\t\t<i class=\"fa fa-check\" aria-hidden=\"true\"><\/i>\n\t\t\t\t\t\t\t\t\t\t\t\t\t<\/span>\n\t\t\t\t\t\t\t\t\t\t<span class=\"elementor-icon-list-text\">2 feuilles de laurier<\/span>\n\t\t\t\t\t\t\t\t\t<\/li>\n\t\t\t\t\t\t\t\t<li class=\"elementor-icon-list-item\">\n\t\t\t\t\t\t\t\t\t\t\t<span class=\"elementor-icon-list-icon\">\n\t\t\t\t\t\t\t\t\t\t\t\t\t\t\t\t<i class=\"fa fa-check\" aria-hidden=\"true\"><\/i>\n\t\t\t\t\t\t\t\t\t\t\t\t\t<\/span>\n\t\t\t\t\t\t\t\t\t\t<span class=\"elementor-icon-list-text\">10 dl. d'huile d'olive<\/span>\n\t\t\t\t\t\t\t\t\t<\/li>\n\t\t\t\t\t\t\t\t<li class=\"elementor-icon-list-item\">\n\t\t\t\t\t\t\t\t\t\t\t<span class=\"elementor-icon-list-icon\">\n\t\t\t\t\t\t\t\t\t\t\t\t\t\t\t\t<i class=\"fa fa-check\" aria-hidden=\"true\"><\/i>\n\t\t\t\t\t\t\t\t\t\t\t\t\t<\/span>\n\t\t\t\t\t\t\t\t\t\t<span class=\"elementor-icon-list-text\">1\/2 l. d'eau<\/span>\n\t\t\t\t\t\t\t\t\t<\/li>\n\t\t\t\t\t\t\t\t<li class=\"elementor-icon-list-item\">\n\t\t\t\t\t\t\t\t\t\t\t<span class=\"elementor-icon-list-icon\">\n\t\t\t\t\t\t\t\t\t\t\t\t\t\t\t\t<i class=\"fa fa-check\" aria-hidden=\"true\"><\/i>\n\t\t\t\t\t\t\t\t\t\t\t\t\t<\/span>\n\t\t\t\t\t\t\t\t\t\t<span class=\"elementor-icon-list-text\">sel<\/span>\n\t\t\t\t\t\t\t\t\t<\/li>\n\t\t\t\t\t\t<\/ul>\n\t\t\t\t\t\t<\/div>\n\t\t\t\t<\/div>\n\t\t\t\t\t<\/div>\n\t\t<\/div>\n\t\t\t\t\t<\/div>\n\t\t<\/section>\n\t\t\t\t<section class=\"elementor-section elementor-top-section elementor-element elementor-element-fde979c elementor-section-content-middle elementor-section-boxed elementor-section-height-default elementor-section-height-default\" data-id=\"fde979c\" data-element_type=\"section\">\n\t\t\t\t\t\t<div class=\"elementor-container elementor-column-gap-default\">\n\t\t\t\t\t<div class=\"elementor-column elementor-col-50 elementor-top-column elementor-element elementor-element-7427753a\" data-id=\"7427753a\" data-element_type=\"column\">\n\t\t\t<div class=\"elementor-widget-wrap elementor-element-populated\">\n\t\t\t\t\t\t<div class=\"elementor-element elementor-element-7f6d8a01 elementor-widget elementor-widget-heading\" data-id=\"7f6d8a01\" data-element_type=\"widget\" data-widget_type=\"heading.default\">\n\t\t\t\t<div class=\"elementor-widget-container\">\n\t\t\t\t\t<h4 class=\"elementor-heading-title elementor-size-default\">Pr\u00e9paration<\/h4>\t\t\t\t<\/div>\n\t\t\t\t<\/div>\n\t\t\t\t<div class=\"elementor-element elementor-element-60fbd199 elementor-widget elementor-widget-text-editor\" data-id=\"60fbd199\" data-element_type=\"widget\" data-widget_type=\"text-editor.default\">\n\t\t\t\t<div class=\"elementor-widget-container\">\n\t\t\t\t\t\t\t\t\t<p>Apr\u00e8s avoir \u00e9pluch\u00e9 et tranch\u00e9 les pommes de terre, mettez dans un plat au four deux ailsd\u00e9coup\u00e9s en lamelles, la feuille de laurier, l\u2019huile, du sel et de l\u2019eau. Placez le ternasco d\u00e9j\u00e0 assaisonn\u00e9 avec du sel et d&rsquo;huile sur les pommes de terre.<\/p>\n<p>Laisser cuire au four 1 heure et 35 minutes pour qu&rsquo;il soit r\u00f4ti petit \u00e0 petit \u00e0 une intensit\u00e9 pas tr\u00e8s forte. Quand vous voyez que c&rsquo;est d\u00e9j\u00e0 fait d&rsquo;un c\u00f4t\u00e9, retournez-le pour obtenir une cuisson homog\u00e8ne.<\/p>\n\t\t\t\t\t\t\t\t<\/div>\n\t\t\t\t<\/div>\n\t\t\t\t\t<\/div>\n\t\t<\/div>\n\t\t\t\t<div class=\"elementor-column elementor-col-50 elementor-top-column elementor-element elementor-element-7f10c3b6\" data-id=\"7f10c3b6\" data-element_type=\"column\">\n\t\t\t<div class=\"elementor-widget-wrap elementor-element-populated\">\n\t\t\t\t\t\t<div class=\"elementor-element elementor-element-5cd7e3be elementor-align-center elementor-widget elementor-widget-button\" data-id=\"5cd7e3be\" data-element_type=\"widget\" data-widget_type=\"button.default\">\n\t\t\t\t<div class=\"elementor-widget-container\">\n\t\t\t\t\t\t\t\t\t<div class=\"elementor-button-wrapper\">\n\t\t\t\t\t<a class=\"elementor-button elementor-button-link elementor-size-sm\" href=\"https:\/\/gastronomia-aragonesa.com\/fr\/recettess\/\">\n\t\t\t\t\t\t<span class=\"elementor-button-content-wrapper\">\n\t\t\t\t\t\t<span class=\"elementor-button-icon\">\n\t\t\t\t\t\t\t\t\t<i class=\"fa fa-arrow-circle-left\" aria-hidden=\"true\"><\/i>\n\t\t\t\t\t\t\t<\/span>\n\t\t\t\t\t\t\t\t\t<span class=\"elementor-button-text\">Retourner aux recettes<\/span>\n\t\t\t\t\t<\/span>\n\t\t\t\t\t<\/a>\n\t\t\t\t<\/div>\n\t\t\t\t\t\t\t\t<\/div>\n\t\t\t\t<\/div>\n\t\t\t\t\t<\/div>\n\t\t<\/div>\n\t\t\t\t\t<\/div>\n\t\t<\/section>\n\t\t\t\t<\/div>\n\t\t","protected":false},"excerpt":{"rendered":"<p>Ternasco r\u00f4ti avec des pommes de terre a lo pobre Ingr\u00e9dients (4 personnes) 1,5 kg. de ternasco 2 kg. de pommes de terre 6 gousses d&rsquo;ail 2 feuilles de laurier 10 dl. d&rsquo;huile d&rsquo;olive 1\/2 l. d&rsquo;eau sel Pr\u00e9paration Apr\u00e8s avoir \u00e9pluch\u00e9 et tranch\u00e9 les pommes de terre, mettez dans un plat au four deux &#8230; <a title=\"Ternasco r\u00f4ti avec des pommes de terre a lo pobre\" class=\"read-more\" href=\"https:\/\/gastronomia-aragonesa.com\/fr\/recettess\/ternasco-roti-avec-des-pommes-de-terre-a-lo-pobre\/\" aria-label=\"En savoir plus sur Ternasco r\u00f4ti avec des pommes de terre a lo pobre\">Lire la suite<\/a><\/p>\n","protected":false},"author":2,"featured_media":0,"parent":3422,"menu_order":20,"comment_status":"closed","ping_status":"closed","template":"","meta":{"_acf_changed":false,"generate_page_header":"","footnotes":""},"class_list":["post-3357","page","type-page","status-publish"],"acf":[],"yoast_head":"<!-- This site is optimized with the Yoast SEO plugin v26.6 - https:\/\/yoast.com\/wordpress\/plugins\/seo\/ -->\n<title>Ternasco r\u00f4ti avec des pommes de terre a lo pobre - Gastronom\u00eda Aragonesa<\/title>\n<meta name=\"description\" content=\"Apr\u00e8s avoir \u00e9pluch\u00e9 et tranch\u00e9 les pommes de terre, mettez dans un plat au four deux ailsd\u00e9coup\u00e9s en lamelles, la feuille de laurier, l\u2019huile, du sel et de l\u2019eau. Placez le\" \/>\n<meta name=\"robots\" content=\"index, follow, max-snippet:-1, max-image-preview:large, max-video-preview:-1\" \/>\n<link rel=\"canonical\" href=\"https:\/\/gastronomia-aragonesa.com\/recetas\/ternasco-asado-con-patatas\/\" \/>\n<meta property=\"og:locale\" content=\"fr_FR\" \/>\n<meta property=\"og:type\" content=\"article\" \/>\n<meta property=\"og:title\" content=\"Ternasco r\u00f4ti avec des pommes de terre a lo pobre - Gastronom\u00eda Aragonesa\" \/>\n<meta property=\"og:description\" content=\"Apr\u00e8s avoir \u00e9pluch\u00e9 et tranch\u00e9 les pommes de terre, mettez dans un plat au four deux ailsd\u00e9coup\u00e9s en lamelles, la feuille de laurier, l\u2019huile, du sel et de l\u2019eau. Placez le\" \/>\n<meta property=\"og:url\" content=\"https:\/\/gastronomia-aragonesa.com\/recetas\/ternasco-asado-con-patatas\/\" \/>\n<meta property=\"og:site_name\" content=\"Gastronom\u00eda Aragonesa\" \/>\n<meta property=\"article:modified_time\" content=\"2019-03-27T17:11:32+00:00\" \/>\n<meta property=\"og:image\" content=\"https:\/\/gastronomia-aragonesa.com\/wp-content\/uploads\/2018\/04\/ternasco-asado-con-patatas-a-lo-pobre-2-1024x669.jpg\" \/>\n<meta name=\"twitter:card\" content=\"summary_large_image\" \/>\n<meta name=\"twitter:label1\" content=\"Dur\u00e9e de lecture estim\u00e9e\" \/>\n\t<meta name=\"twitter:data1\" content=\"1 minute\" \/>\n<script type=\"application\/ld+json\" class=\"yoast-schema-graph\">{\"@context\":\"https:\/\/schema.org\",\"@graph\":[{\"@type\":\"WebPage\",\"@id\":\"https:\/\/gastronomia-aragonesa.com\/recetas\/ternasco-asado-con-patatas\/\",\"url\":\"https:\/\/gastronomia-aragonesa.com\/recetas\/ternasco-asado-con-patatas\/\",\"name\":\"Ternasco r\u00f4ti avec des pommes de terre a lo pobre - Gastronom\u00eda Aragonesa\",\"isPartOf\":{\"@id\":\"https:\/\/gastronomia-aragonesa.com\/#website\"},\"primaryImageOfPage\":{\"@id\":\"https:\/\/gastronomia-aragonesa.com\/recetas\/ternasco-asado-con-patatas\/#primaryimage\"},\"image\":{\"@id\":\"https:\/\/gastronomia-aragonesa.com\/recetas\/ternasco-asado-con-patatas\/#primaryimage\"},\"thumbnailUrl\":\"https:\/\/gastronomia-aragonesa.com\/wp-content\/uploads\/2018\/04\/ternasco-asado-con-patatas-a-lo-pobre-2-1024x669.jpg\",\"datePublished\":\"2018-07-12T08:43:05+00:00\",\"dateModified\":\"2019-03-27T17:11:32+00:00\",\"description\":\"Apr\u00e8s avoir \u00e9pluch\u00e9 et tranch\u00e9 les pommes de terre, mettez dans un plat au four deux ailsd\u00e9coup\u00e9s en lamelles, la feuille de laurier, l\u2019huile, du sel et de l\u2019eau. Placez le\",\"breadcrumb\":{\"@id\":\"https:\/\/gastronomia-aragonesa.com\/recetas\/ternasco-asado-con-patatas\/#breadcrumb\"},\"inLanguage\":\"fr-FR\",\"potentialAction\":[{\"@type\":\"ReadAction\",\"target\":[\"https:\/\/gastronomia-aragonesa.com\/recetas\/ternasco-asado-con-patatas\/\"]}]},{\"@type\":\"ImageObject\",\"inLanguage\":\"fr-FR\",\"@id\":\"https:\/\/gastronomia-aragonesa.com\/recetas\/ternasco-asado-con-patatas\/#primaryimage\",\"url\":\"https:\/\/gastronomia-aragonesa.com\/wp-content\/uploads\/2018\/04\/ternasco-asado-con-patatas-a-lo-pobre-2-1024x669.jpg\",\"contentUrl\":\"https:\/\/gastronomia-aragonesa.com\/wp-content\/uploads\/2018\/04\/ternasco-asado-con-patatas-a-lo-pobre-2-1024x669.jpg\"},{\"@type\":\"BreadcrumbList\",\"@id\":\"https:\/\/gastronomia-aragonesa.com\/recetas\/ternasco-asado-con-patatas\/#breadcrumb\",\"itemListElement\":[{\"@type\":\"ListItem\",\"position\":1,\"name\":\"Portada\",\"item\":\"https:\/\/gastronomia-aragonesa.com\/\"},{\"@type\":\"ListItem\",\"position\":2,\"name\":\"RECETTES\",\"item\":\"https:\/\/gastronomia-aragonesa.com\/recetas\/\"},{\"@type\":\"ListItem\",\"position\":3,\"name\":\"Ternasco r\u00f4ti avec des pommes de terre a lo pobre\"}]},{\"@type\":\"WebSite\",\"@id\":\"https:\/\/gastronomia-aragonesa.com\/#website\",\"url\":\"https:\/\/gastronomia-aragonesa.com\/\",\"name\":\"Gastronom\u00eda Aragonesa\",\"description\":\"\",\"publisher\":{\"@id\":\"https:\/\/gastronomia-aragonesa.com\/#organization\"},\"potentialAction\":[{\"@type\":\"SearchAction\",\"target\":{\"@type\":\"EntryPoint\",\"urlTemplate\":\"https:\/\/gastronomia-aragonesa.com\/?s={search_term_string}\"},\"query-input\":{\"@type\":\"PropertyValueSpecification\",\"valueRequired\":true,\"valueName\":\"search_term_string\"}}],\"inLanguage\":\"fr-FR\"},{\"@type\":\"Organization\",\"@id\":\"https:\/\/gastronomia-aragonesa.com\/#organization\",\"name\":\"Gastronom\u00eda Aragonesa, Turismo de Arag\u00f3n\",\"url\":\"https:\/\/gastronomia-aragonesa.com\/\",\"logo\":{\"@type\":\"ImageObject\",\"inLanguage\":\"fr-FR\",\"@id\":\"https:\/\/gastronomia-aragonesa.com\/#\/schema\/logo\/image\/\",\"url\":\"https:\/\/gastronomia-aragonesa.com\/wp-content\/uploads\/2019\/04\/gastronomia-aragonesa-turismo-de-aragon-1.png\",\"contentUrl\":\"https:\/\/gastronomia-aragonesa.com\/wp-content\/uploads\/2019\/04\/gastronomia-aragonesa-turismo-de-aragon-1.png\",\"width\":260,\"height\":69,\"caption\":\"Gastronom\u00eda Aragonesa, Turismo de Arag\u00f3n\"},\"image\":{\"@id\":\"https:\/\/gastronomia-aragonesa.com\/#\/schema\/logo\/image\/\"}}]}<\/script>\n<!-- \/ Yoast SEO plugin. -->","yoast_head_json":{"title":"Ternasco r\u00f4ti avec des pommes de terre a lo pobre - Gastronom\u00eda Aragonesa","description":"Apr\u00e8s avoir \u00e9pluch\u00e9 et tranch\u00e9 les pommes de terre, mettez dans un plat au four deux ailsd\u00e9coup\u00e9s en lamelles, la feuille de laurier, l\u2019huile, du sel et de l\u2019eau. Placez le","robots":{"index":"index","follow":"follow","max-snippet":"max-snippet:-1","max-image-preview":"max-image-preview:large","max-video-preview":"max-video-preview:-1"},"canonical":"https:\/\/gastronomia-aragonesa.com\/recetas\/ternasco-asado-con-patatas\/","og_locale":"fr_FR","og_type":"article","og_title":"Ternasco r\u00f4ti avec des pommes de terre a lo pobre - Gastronom\u00eda Aragonesa","og_description":"Apr\u00e8s avoir \u00e9pluch\u00e9 et tranch\u00e9 les pommes de terre, mettez dans un plat au four deux ailsd\u00e9coup\u00e9s en lamelles, la feuille de laurier, l\u2019huile, du sel et de l\u2019eau. Placez le","og_url":"https:\/\/gastronomia-aragonesa.com\/recetas\/ternasco-asado-con-patatas\/","og_site_name":"Gastronom\u00eda Aragonesa","article_modified_time":"2019-03-27T17:11:32+00:00","og_image":[{"url":"https:\/\/gastronomia-aragonesa.com\/wp-content\/uploads\/2018\/04\/ternasco-asado-con-patatas-a-lo-pobre-2-1024x669.jpg","type":"","width":"","height":""}],"twitter_card":"summary_large_image","twitter_misc":{"Dur\u00e9e de lecture estim\u00e9e":"1 minute"},"schema":{"@context":"https:\/\/schema.org","@graph":[{"@type":"WebPage","@id":"https:\/\/gastronomia-aragonesa.com\/recetas\/ternasco-asado-con-patatas\/","url":"https:\/\/gastronomia-aragonesa.com\/recetas\/ternasco-asado-con-patatas\/","name":"Ternasco r\u00f4ti avec des pommes de terre a lo pobre - Gastronom\u00eda Aragonesa","isPartOf":{"@id":"https:\/\/gastronomia-aragonesa.com\/#website"},"primaryImageOfPage":{"@id":"https:\/\/gastronomia-aragonesa.com\/recetas\/ternasco-asado-con-patatas\/#primaryimage"},"image":{"@id":"https:\/\/gastronomia-aragonesa.com\/recetas\/ternasco-asado-con-patatas\/#primaryimage"},"thumbnailUrl":"https:\/\/gastronomia-aragonesa.com\/wp-content\/uploads\/2018\/04\/ternasco-asado-con-patatas-a-lo-pobre-2-1024x669.jpg","datePublished":"2018-07-12T08:43:05+00:00","dateModified":"2019-03-27T17:11:32+00:00","description":"Apr\u00e8s avoir \u00e9pluch\u00e9 et tranch\u00e9 les pommes de terre, mettez dans un plat au four deux ailsd\u00e9coup\u00e9s en lamelles, la feuille de laurier, l\u2019huile, du sel et de l\u2019eau. Placez le","breadcrumb":{"@id":"https:\/\/gastronomia-aragonesa.com\/recetas\/ternasco-asado-con-patatas\/#breadcrumb"},"inLanguage":"fr-FR","potentialAction":[{"@type":"ReadAction","target":["https:\/\/gastronomia-aragonesa.com\/recetas\/ternasco-asado-con-patatas\/"]}]},{"@type":"ImageObject","inLanguage":"fr-FR","@id":"https:\/\/gastronomia-aragonesa.com\/recetas\/ternasco-asado-con-patatas\/#primaryimage","url":"https:\/\/gastronomia-aragonesa.com\/wp-content\/uploads\/2018\/04\/ternasco-asado-con-patatas-a-lo-pobre-2-1024x669.jpg","contentUrl":"https:\/\/gastronomia-aragonesa.com\/wp-content\/uploads\/2018\/04\/ternasco-asado-con-patatas-a-lo-pobre-2-1024x669.jpg"},{"@type":"BreadcrumbList","@id":"https:\/\/gastronomia-aragonesa.com\/recetas\/ternasco-asado-con-patatas\/#breadcrumb","itemListElement":[{"@type":"ListItem","position":1,"name":"Portada","item":"https:\/\/gastronomia-aragonesa.com\/"},{"@type":"ListItem","position":2,"name":"RECETTES","item":"https:\/\/gastronomia-aragonesa.com\/recetas\/"},{"@type":"ListItem","position":3,"name":"Ternasco r\u00f4ti avec des pommes de terre a lo pobre"}]},{"@type":"WebSite","@id":"https:\/\/gastronomia-aragonesa.com\/#website","url":"https:\/\/gastronomia-aragonesa.com\/","name":"Gastronom\u00eda Aragonesa","description":"","publisher":{"@id":"https:\/\/gastronomia-aragonesa.com\/#organization"},"potentialAction":[{"@type":"SearchAction","target":{"@type":"EntryPoint","urlTemplate":"https:\/\/gastronomia-aragonesa.com\/?s={search_term_string}"},"query-input":{"@type":"PropertyValueSpecification","valueRequired":true,"valueName":"search_term_string"}}],"inLanguage":"fr-FR"},{"@type":"Organization","@id":"https:\/\/gastronomia-aragonesa.com\/#organization","name":"Gastronom\u00eda Aragonesa, Turismo de Arag\u00f3n","url":"https:\/\/gastronomia-aragonesa.com\/","logo":{"@type":"ImageObject","inLanguage":"fr-FR","@id":"https:\/\/gastronomia-aragonesa.com\/#\/schema\/logo\/image\/","url":"https:\/\/gastronomia-aragonesa.com\/wp-content\/uploads\/2019\/04\/gastronomia-aragonesa-turismo-de-aragon-1.png","contentUrl":"https:\/\/gastronomia-aragonesa.com\/wp-content\/uploads\/2019\/04\/gastronomia-aragonesa-turismo-de-aragon-1.png","width":260,"height":69,"caption":"Gastronom\u00eda Aragonesa, Turismo de Arag\u00f3n"},"image":{"@id":"https:\/\/gastronomia-aragonesa.com\/#\/schema\/logo\/image\/"}}]}},"_links":{"self":[{"href":"https:\/\/gastronomia-aragonesa.com\/fr\/wp-json\/wp\/v2\/pages\/3357","targetHints":{"allow":["GET"]}}],"collection":[{"href":"https:\/\/gastronomia-aragonesa.com\/fr\/wp-json\/wp\/v2\/pages"}],"about":[{"href":"https:\/\/gastronomia-aragonesa.com\/fr\/wp-json\/wp\/v2\/types\/page"}],"author":[{"embeddable":true,"href":"https:\/\/gastronomia-aragonesa.com\/fr\/wp-json\/wp\/v2\/users\/2"}],"replies":[{"embeddable":true,"href":"https:\/\/gastronomia-aragonesa.com\/fr\/wp-json\/wp\/v2\/comments?post=3357"}],"version-history":[{"count":3,"href":"https:\/\/gastronomia-aragonesa.com\/fr\/wp-json\/wp\/v2\/pages\/3357\/revisions"}],"predecessor-version":[{"id":5703,"href":"https:\/\/gastronomia-aragonesa.com\/fr\/wp-json\/wp\/v2\/pages\/3357\/revisions\/5703"}],"up":[{"embeddable":true,"href":"https:\/\/gastronomia-aragonesa.com\/fr\/wp-json\/wp\/v2\/pages\/3422"}],"wp:attachment":[{"href":"https:\/\/gastronomia-aragonesa.com\/fr\/wp-json\/wp\/v2\/media?parent=3357"}],"curies":[{"name":"wp","href":"https:\/\/api.w.org\/{rel}","templated":true}]}}