{"id":3355,"date":"2018-07-12T08:40:58","date_gmt":"2018-07-12T08:40:58","guid":{"rendered":"https:\/\/gastronomia-aragonesa.com\/soupe-a-loignon-de-fuentes-avec-du-fromage\/"},"modified":"2019-03-27T17:07:55","modified_gmt":"2019-03-27T17:07:55","slug":"soupe-a-loignon-de-fuentes-avec-du-fromage","status":"publish","type":"page","link":"https:\/\/gastronomia-aragonesa.com\/fr\/recettess\/soupe-a-loignon-de-fuentes-avec-du-fromage\/","title":{"rendered":"Soupe \u00e0 l&rsquo;oignon de Fuentes avec du fromage"},"content":{"rendered":"\t\t<div data-elementor-type=\"wp-post\" data-elementor-id=\"3355\" class=\"elementor elementor-3355 elementor-1929\" data-elementor-post-type=\"page\">\n\t\t\t\t\t\t<section class=\"elementor-section elementor-top-section elementor-element elementor-element-d9cc567 elementor-section-height-min-height elementor-section-items-top elementor-section-stretched elementor-section-boxed elementor-section-height-default\" data-id=\"d9cc567\" data-element_type=\"section\" data-settings=\"{&quot;background_background&quot;:&quot;gradient&quot;,&quot;stretch_section&quot;:&quot;section-stretched&quot;}\">\n\t\t\t\t\t\t\t<div class=\"elementor-background-overlay\"><\/div>\n\t\t\t\t\t\t\t<div class=\"elementor-container elementor-column-gap-default\">\n\t\t\t\t\t<div class=\"elementor-column elementor-col-100 elementor-top-column elementor-element elementor-element-20cab1af\" data-id=\"20cab1af\" data-element_type=\"column\">\n\t\t\t<div class=\"elementor-widget-wrap elementor-element-populated\">\n\t\t\t\t\t\t<div class=\"elementor-element elementor-element-196eb032 elementor-widget elementor-widget-heading\" data-id=\"196eb032\" data-element_type=\"widget\" data-widget_type=\"heading.default\">\n\t\t\t\t<div class=\"elementor-widget-container\">\n\t\t\t\t\t<h2 class=\"elementor-heading-title elementor-size-default\">Soupe \u00e0 l'oignon de Fuentes avec du fromage<\/h2>\t\t\t\t<\/div>\n\t\t\t\t<\/div>\n\t\t\t\t\t<\/div>\n\t\t<\/div>\n\t\t\t\t\t<\/div>\n\t\t<\/section>\n\t\t\t\t<section class=\"elementor-section elementor-top-section elementor-element elementor-element-21f4cf6 elementor-section-content-middle elementor-section-stretched elementor-section-boxed elementor-section-height-default elementor-section-height-default\" data-id=\"21f4cf6\" data-element_type=\"section\" data-settings=\"{&quot;stretch_section&quot;:&quot;section-stretched&quot;}\">\n\t\t\t\t\t\t<div class=\"elementor-container elementor-column-gap-no\">\n\t\t\t\t\t<div class=\"elementor-column elementor-col-50 elementor-top-column elementor-element elementor-element-617c5475\" data-id=\"617c5475\" data-element_type=\"column\">\n\t\t\t<div class=\"elementor-widget-wrap elementor-element-populated\">\n\t\t\t\t\t\t<div class=\"elementor-element elementor-element-51daeccf elementor-widget elementor-widget-image\" data-id=\"51daeccf\" data-element_type=\"widget\" data-widget_type=\"image.default\">\n\t\t\t\t<div class=\"elementor-widget-container\">\n\t\t\t\t\t\t\t\t\t\t\t\t\t\t\t<img fetchpriority=\"high\" decoding=\"async\" width=\"1024\" height=\"669\" src=\"https:\/\/gastronomia-aragonesa.com\/wp-content\/uploads\/2018\/04\/sopa-de-cebolla-de-fuentes-con-queso-2-1024x669.jpg\" class=\"attachment-large size-large wp-image-3315\" alt=\"Soupe \u00e0 l&#039;oignon de Fuentes avec du fromage 2\" srcset=\"https:\/\/gastronomia-aragonesa.com\/wp-content\/uploads\/2018\/04\/sopa-de-cebolla-de-fuentes-con-queso-2.jpg 1024w, https:\/\/gastronomia-aragonesa.com\/wp-content\/uploads\/2018\/04\/sopa-de-cebolla-de-fuentes-con-queso-2-300x196.jpg 300w, https:\/\/gastronomia-aragonesa.com\/wp-content\/uploads\/2018\/04\/sopa-de-cebolla-de-fuentes-con-queso-2-768x502.jpg 768w\" sizes=\"(max-width: 1024px) 100vw, 1024px\" \/>\t\t\t\t\t\t\t\t\t\t\t\t\t\t\t<\/div>\n\t\t\t\t<\/div>\n\t\t\t\t\t<\/div>\n\t\t<\/div>\n\t\t\t\t<div class=\"elementor-column elementor-col-50 elementor-top-column elementor-element elementor-element-cfda67c\" data-id=\"cfda67c\" data-element_type=\"column\">\n\t\t\t<div class=\"elementor-widget-wrap elementor-element-populated\">\n\t\t\t\t\t\t<div class=\"elementor-element elementor-element-878eba4 elementor-widget elementor-widget-heading\" data-id=\"878eba4\" data-element_type=\"widget\" data-widget_type=\"heading.default\">\n\t\t\t\t<div class=\"elementor-widget-container\">\n\t\t\t\t\t<h4 class=\"elementor-heading-title elementor-size-default\">Ingr\u00e9dients (4 personnes)<\/h4>\t\t\t\t<\/div>\n\t\t\t\t<\/div>\n\t\t\t\t<div class=\"elementor-element elementor-element-41c25f1a elementor-align-start elementor-icon-list--layout-traditional elementor-list-item-link-full_width elementor-widget elementor-widget-icon-list\" data-id=\"41c25f1a\" data-element_type=\"widget\" data-widget_type=\"icon-list.default\">\n\t\t\t\t<div class=\"elementor-widget-container\">\n\t\t\t\t\t\t\t<ul class=\"elementor-icon-list-items\">\n\t\t\t\t\t\t\t<li class=\"elementor-icon-list-item\">\n\t\t\t\t\t\t\t\t\t\t\t<span class=\"elementor-icon-list-icon\">\n\t\t\t\t\t\t\t\t\t\t\t\t\t\t\t\t<i class=\"fa fa-check\" aria-hidden=\"true\"><\/i>\n\t\t\t\t\t\t\t\t\t\t\t\t\t<\/span>\n\t\t\t\t\t\t\t\t\t\t<span class=\"elementor-icon-list-text\">400 gr. d'oignon de Fuentes de Ebro<\/span>\n\t\t\t\t\t\t\t\t\t<\/li>\n\t\t\t\t\t\t\t\t<li class=\"elementor-icon-list-item\">\n\t\t\t\t\t\t\t\t\t\t\t<span class=\"elementor-icon-list-icon\">\n\t\t\t\t\t\t\t\t\t\t\t\t\t\t\t\t<i class=\"fa fa-check\" aria-hidden=\"true\"><\/i>\n\t\t\t\t\t\t\t\t\t\t\t\t\t<\/span>\n\t\t\t\t\t\t\t\t\t\t<span class=\"elementor-icon-list-text\">40 gr. de beurre<\/span>\n\t\t\t\t\t\t\t\t\t<\/li>\n\t\t\t\t\t\t\t\t<li class=\"elementor-icon-list-item\">\n\t\t\t\t\t\t\t\t\t\t\t<span class=\"elementor-icon-list-icon\">\n\t\t\t\t\t\t\t\t\t\t\t\t\t\t\t\t<i class=\"fa fa-check\" aria-hidden=\"true\"><\/i>\n\t\t\t\t\t\t\t\t\t\t\t\t\t<\/span>\n\t\t\t\t\t\t\t\t\t\t<span class=\"elementor-icon-list-text\">100 ml. vin blanc sec<\/span>\n\t\t\t\t\t\t\t\t\t<\/li>\n\t\t\t\t\t\t\t\t<li class=\"elementor-icon-list-item\">\n\t\t\t\t\t\t\t\t\t\t\t<span class=\"elementor-icon-list-icon\">\n\t\t\t\t\t\t\t\t\t\t\t\t\t\t\t\t<i class=\"fa fa-check\" aria-hidden=\"true\"><\/i>\n\t\t\t\t\t\t\t\t\t\t\t\t\t<\/span>\n\t\t\t\t\t\t\t\t\t\t<span class=\"elementor-icon-list-text\">800 ml. de bouillon de b\u0153uf<\/span>\n\t\t\t\t\t\t\t\t\t<\/li>\n\t\t\t\t\t\t\t\t<li class=\"elementor-icon-list-item\">\n\t\t\t\t\t\t\t\t\t\t\t<span class=\"elementor-icon-list-icon\">\n\t\t\t\t\t\t\t\t\t\t\t\t\t\t\t\t<i class=\"fa fa-check\" aria-hidden=\"true\"><\/i>\n\t\t\t\t\t\t\t\t\t\t\t\t\t<\/span>\n\t\t\t\t\t\t\t\t\t\t<span class=\"elementor-icon-list-text\">sel<\/span>\n\t\t\t\t\t\t\t\t\t<\/li>\n\t\t\t\t\t\t\t\t<li class=\"elementor-icon-list-item\">\n\t\t\t\t\t\t\t\t\t\t\t<span class=\"elementor-icon-list-icon\">\n\t\t\t\t\t\t\t\t\t\t\t\t\t\t\t\t<i class=\"fa fa-check\" aria-hidden=\"true\"><\/i>\n\t\t\t\t\t\t\t\t\t\t\t\t\t<\/span>\n\t\t\t\t\t\t\t\t\t\t<span class=\"elementor-icon-list-text\">poivre noir fra\u00eechement moulu<\/span>\n\t\t\t\t\t\t\t\t\t<\/li>\n\t\t\t\t\t\t\t\t<li class=\"elementor-icon-list-item\">\n\t\t\t\t\t\t\t\t\t\t\t<span class=\"elementor-icon-list-icon\">\n\t\t\t\t\t\t\t\t\t\t\t\t\t\t\t\t<i class=\"fa fa-check\" aria-hidden=\"true\"><\/i>\n\t\t\t\t\t\t\t\t\t\t\t\t\t<\/span>\n\t\t\t\t\t\t\t\t\t\t<span class=\"elementor-icon-list-text\">1 gousse d'ail<\/span>\n\t\t\t\t\t\t\t\t\t<\/li>\n\t\t\t\t\t\t\t\t<li class=\"elementor-icon-list-item\">\n\t\t\t\t\t\t\t\t\t\t\t<span class=\"elementor-icon-list-icon\">\n\t\t\t\t\t\t\t\t\t\t\t\t\t\t\t\t<i class=\"fa fa-check\" aria-hidden=\"true\"><\/i>\n\t\t\t\t\t\t\t\t\t\t\t\t\t<\/span>\n\t\t\t\t\t\t\t\t\t\t<span class=\"elementor-icon-list-text\">1 cuill\u00e8re \u00e0 soupe d'huile d'olive<\/span>\n\t\t\t\t\t\t\t\t\t<\/li>\n\t\t\t\t\t\t\t\t<li class=\"elementor-icon-list-item\">\n\t\t\t\t\t\t\t\t\t\t\t<span class=\"elementor-icon-list-icon\">\n\t\t\t\t\t\t\t\t\t\t\t\t\t\t\t\t<i class=\"fa fa-check\" aria-hidden=\"true\"><\/i>\n\t\t\t\t\t\t\t\t\t\t\t\t\t<\/span>\n\t\t\t\t\t\t\t\t\t\t<span class=\"elementor-icon-list-text\">8 tranches de pain<\/span>\n\t\t\t\t\t\t\t\t\t<\/li>\n\t\t\t\t\t\t\t\t<li class=\"elementor-icon-list-item\">\n\t\t\t\t\t\t\t\t\t\t\t<span class=\"elementor-icon-list-icon\">\n\t\t\t\t\t\t\t\t\t\t\t\t\t\t\t\t<i class=\"fa fa-check\" aria-hidden=\"true\"><\/i>\n\t\t\t\t\t\t\t\t\t\t\t\t\t<\/span>\n\t\t\t\t\t\t\t\t\t\t<span class=\"elementor-icon-list-text\">50 gr. de Beaufort ou Laguiole r\u00e2p\u00e9<\/span>\n\t\t\t\t\t\t\t\t\t<\/li>\n\t\t\t\t\t\t<\/ul>\n\t\t\t\t\t\t<\/div>\n\t\t\t\t<\/div>\n\t\t\t\t\t<\/div>\n\t\t<\/div>\n\t\t\t\t\t<\/div>\n\t\t<\/section>\n\t\t\t\t<section class=\"elementor-section elementor-top-section elementor-element elementor-element-29e9bf2d elementor-section-content-middle elementor-section-boxed elementor-section-height-default elementor-section-height-default\" data-id=\"29e9bf2d\" data-element_type=\"section\">\n\t\t\t\t\t\t<div class=\"elementor-container elementor-column-gap-default\">\n\t\t\t\t\t<div class=\"elementor-column elementor-col-50 elementor-top-column elementor-element elementor-element-23631470\" data-id=\"23631470\" data-element_type=\"column\">\n\t\t\t<div class=\"elementor-widget-wrap elementor-element-populated\">\n\t\t\t\t\t\t<div class=\"elementor-element elementor-element-1faa04db elementor-widget elementor-widget-heading\" data-id=\"1faa04db\" data-element_type=\"widget\" data-widget_type=\"heading.default\">\n\t\t\t\t<div class=\"elementor-widget-container\">\n\t\t\t\t\t<h4 class=\"elementor-heading-title elementor-size-default\">Pr\u00e9paration<\/h4>\t\t\t\t<\/div>\n\t\t\t\t<\/div>\n\t\t\t\t<div class=\"elementor-element elementor-element-4ce86009 elementor-widget elementor-widget-text-editor\" data-id=\"4ce86009\" data-element_type=\"widget\" data-widget_type=\"text-editor.default\">\n\t\t\t\t<div class=\"elementor-widget-container\">\n\t\t\t\t\t\t\t\t\t<p>\u00c9pluchez et coupez les oignons en fines lani\u00e8res. M\u00e9langez-les avec du beurre dans une casserole et ajoutez le vin et le bouillon. Epicez et laissez cuire tout pendant 30 minutes.<\/p>\n<p>Allumez le gril. Peler et \u00e9craser l&rsquo;ail puis m\u00e9langer avec l&rsquo;huile. Badigeonner les tranches de pain grill\u00e9es, saupoudrer de fromage et les mettre sur un grill.<\/p>\n<p>Vous pouvez aussi \u00e9paissir la soupe avec du beurre m\u00e9lang\u00e9 avec de la farine et l&rsquo;accompagner de tranches de pain grill\u00e9. De cette fa\u00e7on, vous pourriez faire le plat sans le fromage r\u00e2p\u00e9.<\/p>\n\t\t\t\t\t\t\t\t<\/div>\n\t\t\t\t<\/div>\n\t\t\t\t\t<\/div>\n\t\t<\/div>\n\t\t\t\t<div class=\"elementor-column elementor-col-50 elementor-top-column elementor-element elementor-element-404df398\" data-id=\"404df398\" data-element_type=\"column\">\n\t\t\t<div class=\"elementor-widget-wrap elementor-element-populated\">\n\t\t\t\t\t\t<div class=\"elementor-element elementor-element-7cba90b8 elementor-align-center elementor-widget elementor-widget-button\" data-id=\"7cba90b8\" data-element_type=\"widget\" data-widget_type=\"button.default\">\n\t\t\t\t<div class=\"elementor-widget-container\">\n\t\t\t\t\t\t\t\t\t<div class=\"elementor-button-wrapper\">\n\t\t\t\t\t<a class=\"elementor-button elementor-button-link elementor-size-sm\" href=\"https:\/\/gastronomia-aragonesa.com\/fr\/recettess\/\">\n\t\t\t\t\t\t<span class=\"elementor-button-content-wrapper\">\n\t\t\t\t\t\t<span class=\"elementor-button-icon\">\n\t\t\t\t\t\t\t\t\t<i class=\"fa fa-arrow-circle-left\" aria-hidden=\"true\"><\/i>\n\t\t\t\t\t\t\t<\/span>\n\t\t\t\t\t\t\t\t\t<span class=\"elementor-button-text\">Retourner aux recettes<\/span>\n\t\t\t\t\t<\/span>\n\t\t\t\t\t<\/a>\n\t\t\t\t<\/div>\n\t\t\t\t\t\t\t\t<\/div>\n\t\t\t\t<\/div>\n\t\t\t\t\t<\/div>\n\t\t<\/div>\n\t\t\t\t\t<\/div>\n\t\t<\/section>\n\t\t\t\t<\/div>\n\t\t","protected":false},"excerpt":{"rendered":"<p>Soupe \u00e0 l&rsquo;oignon de Fuentes avec du fromage Ingr\u00e9dients (4 personnes) 400 gr. d&rsquo;oignon de Fuentes de Ebro 40 gr. de beurre 100 ml. vin blanc sec 800 ml. de bouillon de b\u0153uf sel poivre noir fra\u00eechement moulu 1 gousse d&rsquo;ail 1 cuill\u00e8re \u00e0 soupe d&rsquo;huile d&rsquo;olive 8 tranches de pain 50 gr. de Beaufort &#8230; <a title=\"Soupe \u00e0 l&rsquo;oignon de Fuentes avec du fromage\" class=\"read-more\" href=\"https:\/\/gastronomia-aragonesa.com\/fr\/recettess\/soupe-a-loignon-de-fuentes-avec-du-fromage\/\" aria-label=\"En savoir plus sur Soupe \u00e0 l&rsquo;oignon de Fuentes avec du fromage\">Lire la suite<\/a><\/p>\n","protected":false},"author":2,"featured_media":0,"parent":3422,"menu_order":17,"comment_status":"closed","ping_status":"closed","template":"","meta":{"_acf_changed":false,"generate_page_header":"","footnotes":""},"class_list":["post-3355","page","type-page","status-publish"],"acf":[],"yoast_head":"<!-- This site is optimized with the Yoast SEO plugin v26.6 - https:\/\/yoast.com\/wordpress\/plugins\/seo\/ -->\n<title>Soupe \u00e0 l&#039;oignon de Fuentes avec du fromage - Gastronom\u00eda Aragonesa<\/title>\n<meta name=\"description\" content=\"\u00c9pluchez et coupez les oignons en fines lani\u00e8res. M\u00e9langez-les avec du beurre dans une casserole et ajoutez le vin et le bouillon. Epicez et laissez cuire tout pendant 30\" \/>\n<meta name=\"robots\" content=\"index, follow, max-snippet:-1, max-image-preview:large, max-video-preview:-1\" \/>\n<link rel=\"canonical\" href=\"https:\/\/gastronomia-aragonesa.com\/recetas\/sopa-de-cebolla\/\" \/>\n<meta property=\"og:locale\" content=\"fr_FR\" \/>\n<meta property=\"og:type\" content=\"article\" \/>\n<meta property=\"og:title\" content=\"Soupe \u00e0 l&#039;oignon de Fuentes avec du fromage - Gastronom\u00eda Aragonesa\" \/>\n<meta property=\"og:description\" content=\"\u00c9pluchez et coupez les oignons en fines lani\u00e8res. M\u00e9langez-les avec du beurre dans une casserole et ajoutez le vin et le bouillon. Epicez et laissez cuire tout pendant 30\" \/>\n<meta property=\"og:url\" content=\"https:\/\/gastronomia-aragonesa.com\/recetas\/sopa-de-cebolla\/\" \/>\n<meta property=\"og:site_name\" content=\"Gastronom\u00eda Aragonesa\" \/>\n<meta property=\"article:modified_time\" content=\"2019-03-27T17:07:55+00:00\" \/>\n<meta property=\"og:image\" content=\"https:\/\/gastronomia-aragonesa.com\/wp-content\/uploads\/2018\/04\/sopa-de-cebolla-de-fuentes-con-queso-2-1024x669.jpg\" \/>\n<meta name=\"twitter:card\" content=\"summary_large_image\" \/>\n<meta name=\"twitter:label1\" content=\"Dur\u00e9e de lecture estim\u00e9e\" \/>\n\t<meta name=\"twitter:data1\" content=\"1 minute\" \/>\n<script type=\"application\/ld+json\" class=\"yoast-schema-graph\">{\"@context\":\"https:\/\/schema.org\",\"@graph\":[{\"@type\":\"WebPage\",\"@id\":\"https:\/\/gastronomia-aragonesa.com\/recetas\/sopa-de-cebolla\/\",\"url\":\"https:\/\/gastronomia-aragonesa.com\/recetas\/sopa-de-cebolla\/\",\"name\":\"Soupe \u00e0 l'oignon de Fuentes avec du fromage - Gastronom\u00eda Aragonesa\",\"isPartOf\":{\"@id\":\"https:\/\/gastronomia-aragonesa.com\/#website\"},\"primaryImageOfPage\":{\"@id\":\"https:\/\/gastronomia-aragonesa.com\/recetas\/sopa-de-cebolla\/#primaryimage\"},\"image\":{\"@id\":\"https:\/\/gastronomia-aragonesa.com\/recetas\/sopa-de-cebolla\/#primaryimage\"},\"thumbnailUrl\":\"https:\/\/gastronomia-aragonesa.com\/wp-content\/uploads\/2018\/04\/sopa-de-cebolla-de-fuentes-con-queso-2-1024x669.jpg\",\"datePublished\":\"2018-07-12T08:40:58+00:00\",\"dateModified\":\"2019-03-27T17:07:55+00:00\",\"description\":\"\u00c9pluchez et coupez les oignons en fines lani\u00e8res. M\u00e9langez-les avec du beurre dans une casserole et ajoutez le vin et le bouillon. Epicez et laissez cuire tout pendant 30\",\"breadcrumb\":{\"@id\":\"https:\/\/gastronomia-aragonesa.com\/recetas\/sopa-de-cebolla\/#breadcrumb\"},\"inLanguage\":\"fr-FR\",\"potentialAction\":[{\"@type\":\"ReadAction\",\"target\":[\"https:\/\/gastronomia-aragonesa.com\/recetas\/sopa-de-cebolla\/\"]}]},{\"@type\":\"ImageObject\",\"inLanguage\":\"fr-FR\",\"@id\":\"https:\/\/gastronomia-aragonesa.com\/recetas\/sopa-de-cebolla\/#primaryimage\",\"url\":\"https:\/\/gastronomia-aragonesa.com\/wp-content\/uploads\/2018\/04\/sopa-de-cebolla-de-fuentes-con-queso-2-1024x669.jpg\",\"contentUrl\":\"https:\/\/gastronomia-aragonesa.com\/wp-content\/uploads\/2018\/04\/sopa-de-cebolla-de-fuentes-con-queso-2-1024x669.jpg\"},{\"@type\":\"BreadcrumbList\",\"@id\":\"https:\/\/gastronomia-aragonesa.com\/recetas\/sopa-de-cebolla\/#breadcrumb\",\"itemListElement\":[{\"@type\":\"ListItem\",\"position\":1,\"name\":\"Portada\",\"item\":\"https:\/\/gastronomia-aragonesa.com\/\"},{\"@type\":\"ListItem\",\"position\":2,\"name\":\"RECETTES\",\"item\":\"https:\/\/gastronomia-aragonesa.com\/recetas\/\"},{\"@type\":\"ListItem\",\"position\":3,\"name\":\"Soupe \u00e0 l&rsquo;oignon de Fuentes avec du fromage\"}]},{\"@type\":\"WebSite\",\"@id\":\"https:\/\/gastronomia-aragonesa.com\/#website\",\"url\":\"https:\/\/gastronomia-aragonesa.com\/\",\"name\":\"Gastronom\u00eda Aragonesa\",\"description\":\"\",\"publisher\":{\"@id\":\"https:\/\/gastronomia-aragonesa.com\/#organization\"},\"potentialAction\":[{\"@type\":\"SearchAction\",\"target\":{\"@type\":\"EntryPoint\",\"urlTemplate\":\"https:\/\/gastronomia-aragonesa.com\/?s={search_term_string}\"},\"query-input\":{\"@type\":\"PropertyValueSpecification\",\"valueRequired\":true,\"valueName\":\"search_term_string\"}}],\"inLanguage\":\"fr-FR\"},{\"@type\":\"Organization\",\"@id\":\"https:\/\/gastronomia-aragonesa.com\/#organization\",\"name\":\"Gastronom\u00eda Aragonesa, Turismo de Arag\u00f3n\",\"url\":\"https:\/\/gastronomia-aragonesa.com\/\",\"logo\":{\"@type\":\"ImageObject\",\"inLanguage\":\"fr-FR\",\"@id\":\"https:\/\/gastronomia-aragonesa.com\/#\/schema\/logo\/image\/\",\"url\":\"https:\/\/gastronomia-aragonesa.com\/wp-content\/uploads\/2019\/04\/gastronomia-aragonesa-turismo-de-aragon-1.png\",\"contentUrl\":\"https:\/\/gastronomia-aragonesa.com\/wp-content\/uploads\/2019\/04\/gastronomia-aragonesa-turismo-de-aragon-1.png\",\"width\":260,\"height\":69,\"caption\":\"Gastronom\u00eda Aragonesa, Turismo de Arag\u00f3n\"},\"image\":{\"@id\":\"https:\/\/gastronomia-aragonesa.com\/#\/schema\/logo\/image\/\"}}]}<\/script>\n<!-- \/ Yoast SEO plugin. -->","yoast_head_json":{"title":"Soupe \u00e0 l'oignon de Fuentes avec du fromage - Gastronom\u00eda Aragonesa","description":"\u00c9pluchez et coupez les oignons en fines lani\u00e8res. M\u00e9langez-les avec du beurre dans une casserole et ajoutez le vin et le bouillon. Epicez et laissez cuire tout pendant 30","robots":{"index":"index","follow":"follow","max-snippet":"max-snippet:-1","max-image-preview":"max-image-preview:large","max-video-preview":"max-video-preview:-1"},"canonical":"https:\/\/gastronomia-aragonesa.com\/recetas\/sopa-de-cebolla\/","og_locale":"fr_FR","og_type":"article","og_title":"Soupe \u00e0 l'oignon de Fuentes avec du fromage - Gastronom\u00eda Aragonesa","og_description":"\u00c9pluchez et coupez les oignons en fines lani\u00e8res. M\u00e9langez-les avec du beurre dans une casserole et ajoutez le vin et le bouillon. Epicez et laissez cuire tout pendant 30","og_url":"https:\/\/gastronomia-aragonesa.com\/recetas\/sopa-de-cebolla\/","og_site_name":"Gastronom\u00eda Aragonesa","article_modified_time":"2019-03-27T17:07:55+00:00","og_image":[{"url":"https:\/\/gastronomia-aragonesa.com\/wp-content\/uploads\/2018\/04\/sopa-de-cebolla-de-fuentes-con-queso-2-1024x669.jpg","type":"","width":"","height":""}],"twitter_card":"summary_large_image","twitter_misc":{"Dur\u00e9e de lecture estim\u00e9e":"1 minute"},"schema":{"@context":"https:\/\/schema.org","@graph":[{"@type":"WebPage","@id":"https:\/\/gastronomia-aragonesa.com\/recetas\/sopa-de-cebolla\/","url":"https:\/\/gastronomia-aragonesa.com\/recetas\/sopa-de-cebolla\/","name":"Soupe \u00e0 l'oignon de Fuentes avec du fromage - Gastronom\u00eda Aragonesa","isPartOf":{"@id":"https:\/\/gastronomia-aragonesa.com\/#website"},"primaryImageOfPage":{"@id":"https:\/\/gastronomia-aragonesa.com\/recetas\/sopa-de-cebolla\/#primaryimage"},"image":{"@id":"https:\/\/gastronomia-aragonesa.com\/recetas\/sopa-de-cebolla\/#primaryimage"},"thumbnailUrl":"https:\/\/gastronomia-aragonesa.com\/wp-content\/uploads\/2018\/04\/sopa-de-cebolla-de-fuentes-con-queso-2-1024x669.jpg","datePublished":"2018-07-12T08:40:58+00:00","dateModified":"2019-03-27T17:07:55+00:00","description":"\u00c9pluchez et coupez les oignons en fines lani\u00e8res. M\u00e9langez-les avec du beurre dans une casserole et ajoutez le vin et le bouillon. Epicez et laissez cuire tout pendant 30","breadcrumb":{"@id":"https:\/\/gastronomia-aragonesa.com\/recetas\/sopa-de-cebolla\/#breadcrumb"},"inLanguage":"fr-FR","potentialAction":[{"@type":"ReadAction","target":["https:\/\/gastronomia-aragonesa.com\/recetas\/sopa-de-cebolla\/"]}]},{"@type":"ImageObject","inLanguage":"fr-FR","@id":"https:\/\/gastronomia-aragonesa.com\/recetas\/sopa-de-cebolla\/#primaryimage","url":"https:\/\/gastronomia-aragonesa.com\/wp-content\/uploads\/2018\/04\/sopa-de-cebolla-de-fuentes-con-queso-2-1024x669.jpg","contentUrl":"https:\/\/gastronomia-aragonesa.com\/wp-content\/uploads\/2018\/04\/sopa-de-cebolla-de-fuentes-con-queso-2-1024x669.jpg"},{"@type":"BreadcrumbList","@id":"https:\/\/gastronomia-aragonesa.com\/recetas\/sopa-de-cebolla\/#breadcrumb","itemListElement":[{"@type":"ListItem","position":1,"name":"Portada","item":"https:\/\/gastronomia-aragonesa.com\/"},{"@type":"ListItem","position":2,"name":"RECETTES","item":"https:\/\/gastronomia-aragonesa.com\/recetas\/"},{"@type":"ListItem","position":3,"name":"Soupe \u00e0 l&rsquo;oignon de Fuentes avec du fromage"}]},{"@type":"WebSite","@id":"https:\/\/gastronomia-aragonesa.com\/#website","url":"https:\/\/gastronomia-aragonesa.com\/","name":"Gastronom\u00eda Aragonesa","description":"","publisher":{"@id":"https:\/\/gastronomia-aragonesa.com\/#organization"},"potentialAction":[{"@type":"SearchAction","target":{"@type":"EntryPoint","urlTemplate":"https:\/\/gastronomia-aragonesa.com\/?s={search_term_string}"},"query-input":{"@type":"PropertyValueSpecification","valueRequired":true,"valueName":"search_term_string"}}],"inLanguage":"fr-FR"},{"@type":"Organization","@id":"https:\/\/gastronomia-aragonesa.com\/#organization","name":"Gastronom\u00eda Aragonesa, Turismo de Arag\u00f3n","url":"https:\/\/gastronomia-aragonesa.com\/","logo":{"@type":"ImageObject","inLanguage":"fr-FR","@id":"https:\/\/gastronomia-aragonesa.com\/#\/schema\/logo\/image\/","url":"https:\/\/gastronomia-aragonesa.com\/wp-content\/uploads\/2019\/04\/gastronomia-aragonesa-turismo-de-aragon-1.png","contentUrl":"https:\/\/gastronomia-aragonesa.com\/wp-content\/uploads\/2019\/04\/gastronomia-aragonesa-turismo-de-aragon-1.png","width":260,"height":69,"caption":"Gastronom\u00eda Aragonesa, Turismo de Arag\u00f3n"},"image":{"@id":"https:\/\/gastronomia-aragonesa.com\/#\/schema\/logo\/image\/"}}]}},"_links":{"self":[{"href":"https:\/\/gastronomia-aragonesa.com\/fr\/wp-json\/wp\/v2\/pages\/3355","targetHints":{"allow":["GET"]}}],"collection":[{"href":"https:\/\/gastronomia-aragonesa.com\/fr\/wp-json\/wp\/v2\/pages"}],"about":[{"href":"https:\/\/gastronomia-aragonesa.com\/fr\/wp-json\/wp\/v2\/types\/page"}],"author":[{"embeddable":true,"href":"https:\/\/gastronomia-aragonesa.com\/fr\/wp-json\/wp\/v2\/users\/2"}],"replies":[{"embeddable":true,"href":"https:\/\/gastronomia-aragonesa.com\/fr\/wp-json\/wp\/v2\/comments?post=3355"}],"version-history":[{"count":3,"href":"https:\/\/gastronomia-aragonesa.com\/fr\/wp-json\/wp\/v2\/pages\/3355\/revisions"}],"predecessor-version":[{"id":5696,"href":"https:\/\/gastronomia-aragonesa.com\/fr\/wp-json\/wp\/v2\/pages\/3355\/revisions\/5696"}],"up":[{"embeddable":true,"href":"https:\/\/gastronomia-aragonesa.com\/fr\/wp-json\/wp\/v2\/pages\/3422"}],"wp:attachment":[{"href":"https:\/\/gastronomia-aragonesa.com\/fr\/wp-json\/wp\/v2\/media?parent=3355"}],"curies":[{"name":"wp","href":"https:\/\/api.w.org\/{rel}","templated":true}]}}