{"id":3342,"date":"2018-07-12T08:25:06","date_gmt":"2018-07-12T08:25:06","guid":{"rendered":"https:\/\/gastronomia-aragonesa.com\/fritada-aragonesa\/"},"modified":"2019-03-27T16:44:04","modified_gmt":"2019-03-27T16:44:04","slug":"fritada-aragonesa","status":"publish","type":"page","link":"https:\/\/gastronomia-aragonesa.com\/fr\/recettess\/fritada-aragonesa\/","title":{"rendered":"Fritada aragonesa"},"content":{"rendered":"\t\t<div data-elementor-type=\"wp-post\" data-elementor-id=\"3342\" class=\"elementor elementor-3342 elementor-1906\" data-elementor-post-type=\"page\">\n\t\t\t\t\t\t<section class=\"elementor-section elementor-top-section elementor-element elementor-element-44125daf elementor-section-height-min-height elementor-section-items-top elementor-section-stretched elementor-section-boxed elementor-section-height-default\" data-id=\"44125daf\" data-element_type=\"section\" data-settings=\"{&quot;background_background&quot;:&quot;gradient&quot;,&quot;stretch_section&quot;:&quot;section-stretched&quot;}\">\n\t\t\t\t\t\t\t<div class=\"elementor-background-overlay\"><\/div>\n\t\t\t\t\t\t\t<div class=\"elementor-container elementor-column-gap-default\">\n\t\t\t\t\t<div class=\"elementor-column elementor-col-100 elementor-top-column elementor-element elementor-element-307150c2\" data-id=\"307150c2\" data-element_type=\"column\">\n\t\t\t<div class=\"elementor-widget-wrap elementor-element-populated\">\n\t\t\t\t\t\t<div class=\"elementor-element elementor-element-3417a803 elementor-widget elementor-widget-heading\" data-id=\"3417a803\" data-element_type=\"widget\" data-widget_type=\"heading.default\">\n\t\t\t\t<div class=\"elementor-widget-container\">\n\t\t\t\t\t<h2 class=\"elementor-heading-title elementor-size-default\">Fritada aragonesa<\/h2>\t\t\t\t<\/div>\n\t\t\t\t<\/div>\n\t\t\t\t\t<\/div>\n\t\t<\/div>\n\t\t\t\t\t<\/div>\n\t\t<\/section>\n\t\t\t\t<section class=\"elementor-section elementor-top-section elementor-element elementor-element-5fc0b84 elementor-section-content-middle elementor-section-stretched elementor-section-boxed elementor-section-height-default elementor-section-height-default\" data-id=\"5fc0b84\" data-element_type=\"section\" data-settings=\"{&quot;stretch_section&quot;:&quot;section-stretched&quot;}\">\n\t\t\t\t\t\t<div class=\"elementor-container elementor-column-gap-no\">\n\t\t\t\t\t<div class=\"elementor-column elementor-col-50 elementor-top-column elementor-element elementor-element-ed559f9\" data-id=\"ed559f9\" data-element_type=\"column\">\n\t\t\t<div class=\"elementor-widget-wrap elementor-element-populated\">\n\t\t\t\t\t\t<div class=\"elementor-element elementor-element-786155d7 elementor-widget elementor-widget-image\" data-id=\"786155d7\" data-element_type=\"widget\" data-widget_type=\"image.default\">\n\t\t\t\t<div class=\"elementor-widget-container\">\n\t\t\t\t\t\t\t\t\t\t\t\t\t\t\t<img fetchpriority=\"high\" decoding=\"async\" width=\"1024\" height=\"669\" src=\"https:\/\/gastronomia-aragonesa.com\/wp-content\/uploads\/2018\/04\/fritada-aragonesa-2-1024x669.jpg\" class=\"attachment-large size-large wp-image-3343\" alt=\"Fritada Aragonesa 2\" srcset=\"https:\/\/gastronomia-aragonesa.com\/wp-content\/uploads\/2018\/04\/fritada-aragonesa-2.jpg 1024w, https:\/\/gastronomia-aragonesa.com\/wp-content\/uploads\/2018\/04\/fritada-aragonesa-2-300x196.jpg 300w, https:\/\/gastronomia-aragonesa.com\/wp-content\/uploads\/2018\/04\/fritada-aragonesa-2-768x502.jpg 768w\" sizes=\"(max-width: 1024px) 100vw, 1024px\" \/>\t\t\t\t\t\t\t\t\t\t\t\t\t\t\t<\/div>\n\t\t\t\t<\/div>\n\t\t\t\t\t<\/div>\n\t\t<\/div>\n\t\t\t\t<div class=\"elementor-column elementor-col-50 elementor-top-column elementor-element elementor-element-3bfb907d\" data-id=\"3bfb907d\" data-element_type=\"column\">\n\t\t\t<div class=\"elementor-widget-wrap elementor-element-populated\">\n\t\t\t\t\t\t<div class=\"elementor-element elementor-element-7a6cb304 elementor-widget elementor-widget-heading\" data-id=\"7a6cb304\" data-element_type=\"widget\" data-widget_type=\"heading.default\">\n\t\t\t\t<div class=\"elementor-widget-container\">\n\t\t\t\t\t<h4 class=\"elementor-heading-title elementor-size-default\">Ingr\u00e9dients (4 personnes)<\/h4>\t\t\t\t<\/div>\n\t\t\t\t<\/div>\n\t\t\t\t<div class=\"elementor-element elementor-element-597b94b5 elementor-align-start elementor-icon-list--layout-traditional elementor-list-item-link-full_width elementor-widget elementor-widget-icon-list\" data-id=\"597b94b5\" data-element_type=\"widget\" data-widget_type=\"icon-list.default\">\n\t\t\t\t<div class=\"elementor-widget-container\">\n\t\t\t\t\t\t\t<ul class=\"elementor-icon-list-items\">\n\t\t\t\t\t\t\t<li class=\"elementor-icon-list-item\">\n\t\t\t\t\t\t\t\t\t\t\t<span class=\"elementor-icon-list-icon\">\n\t\t\t\t\t\t\t\t\t\t\t\t\t\t\t\t<i class=\"fa fa-check\" aria-hidden=\"true\"><\/i>\n\t\t\t\t\t\t\t\t\t\t\t\t\t<\/span>\n\t\t\t\t\t\t\t\t\t\t<span class=\"elementor-icon-list-text\">2 courgettes moyennes<\/span>\n\t\t\t\t\t\t\t\t\t<\/li>\n\t\t\t\t\t\t\t\t<li class=\"elementor-icon-list-item\">\n\t\t\t\t\t\t\t\t\t\t\t<span class=\"elementor-icon-list-icon\">\n\t\t\t\t\t\t\t\t\t\t\t\t\t\t\t\t<i class=\"fa fa-check\" aria-hidden=\"true\"><\/i>\n\t\t\t\t\t\t\t\t\t\t\t\t\t<\/span>\n\t\t\t\t\t\t\t\t\t\t<span class=\"elementor-icon-list-text\">2 oignons<\/span>\n\t\t\t\t\t\t\t\t\t<\/li>\n\t\t\t\t\t\t\t\t<li class=\"elementor-icon-list-item\">\n\t\t\t\t\t\t\t\t\t\t\t<span class=\"elementor-icon-list-icon\">\n\t\t\t\t\t\t\t\t\t\t\t\t\t\t\t\t<i class=\"fa fa-check\" aria-hidden=\"true\"><\/i>\n\t\t\t\t\t\t\t\t\t\t\t\t\t<\/span>\n\t\t\t\t\t\t\t\t\t\t<span class=\"elementor-icon-list-text\">2 pommes de terre<\/span>\n\t\t\t\t\t\t\t\t\t<\/li>\n\t\t\t\t\t\t\t\t<li class=\"elementor-icon-list-item\">\n\t\t\t\t\t\t\t\t\t\t\t<span class=\"elementor-icon-list-icon\">\n\t\t\t\t\t\t\t\t\t\t\t\t\t\t\t\t<i class=\"fa fa-check\" aria-hidden=\"true\"><\/i>\n\t\t\t\t\t\t\t\t\t\t\t\t\t<\/span>\n\t\t\t\t\t\t\t\t\t\t<span class=\"elementor-icon-list-text\">2 tranches de bacon<\/span>\n\t\t\t\t\t\t\t\t\t<\/li>\n\t\t\t\t\t\t\t\t<li class=\"elementor-icon-list-item\">\n\t\t\t\t\t\t\t\t\t\t\t<span class=\"elementor-icon-list-icon\">\n\t\t\t\t\t\t\t\t\t\t\t\t\t\t\t\t<i class=\"fa fa-check\" aria-hidden=\"true\"><\/i>\n\t\t\t\t\t\t\t\t\t\t\t\t\t<\/span>\n\t\t\t\t\t\t\t\t\t\t<span class=\"elementor-icon-list-text\">2 poivrons verts<\/span>\n\t\t\t\t\t\t\t\t\t<\/li>\n\t\t\t\t\t\t\t\t<li class=\"elementor-icon-list-item\">\n\t\t\t\t\t\t\t\t\t\t\t<span class=\"elementor-icon-list-icon\">\n\t\t\t\t\t\t\t\t\t\t\t\t\t\t\t\t<i class=\"fa fa-check\" aria-hidden=\"true\"><\/i>\n\t\t\t\t\t\t\t\t\t\t\t\t\t<\/span>\n\t\t\t\t\t\t\t\t\t\t<span class=\"elementor-icon-list-text\">sel<\/span>\n\t\t\t\t\t\t\t\t\t<\/li>\n\t\t\t\t\t\t\t\t<li class=\"elementor-icon-list-item\">\n\t\t\t\t\t\t\t\t\t\t\t<span class=\"elementor-icon-list-icon\">\n\t\t\t\t\t\t\t\t\t\t\t\t\t\t\t\t<i class=\"fa fa-check\" aria-hidden=\"true\"><\/i>\n\t\t\t\t\t\t\t\t\t\t\t\t\t<\/span>\n\t\t\t\t\t\t\t\t\t\t<span class=\"elementor-icon-list-text\">1 dl. d'huile<\/span>\n\t\t\t\t\t\t\t\t\t<\/li>\n\t\t\t\t\t\t<\/ul>\n\t\t\t\t\t\t<\/div>\n\t\t\t\t<\/div>\n\t\t\t\t\t<\/div>\n\t\t<\/div>\n\t\t\t\t\t<\/div>\n\t\t<\/section>\n\t\t\t\t<section class=\"elementor-section elementor-top-section elementor-element elementor-element-4d1a0199 elementor-section-content-middle elementor-section-boxed elementor-section-height-default elementor-section-height-default\" data-id=\"4d1a0199\" data-element_type=\"section\">\n\t\t\t\t\t\t<div class=\"elementor-container elementor-column-gap-default\">\n\t\t\t\t\t<div class=\"elementor-column elementor-col-50 elementor-top-column elementor-element elementor-element-19f0f49c\" data-id=\"19f0f49c\" data-element_type=\"column\">\n\t\t\t<div class=\"elementor-widget-wrap elementor-element-populated\">\n\t\t\t\t\t\t<div class=\"elementor-element elementor-element-248ff10e elementor-widget elementor-widget-heading\" data-id=\"248ff10e\" data-element_type=\"widget\" data-widget_type=\"heading.default\">\n\t\t\t\t<div class=\"elementor-widget-container\">\n\t\t\t\t\t<h4 class=\"elementor-heading-title elementor-size-default\">Pr\u00e9paration<\/h4>\t\t\t\t<\/div>\n\t\t\t\t<\/div>\n\t\t\t\t<div class=\"elementor-element elementor-element-59091470 elementor-widget elementor-widget-text-editor\" data-id=\"59091470\" data-element_type=\"widget\" data-widget_type=\"text-editor.default\">\n\t\t\t\t<div class=\"elementor-widget-container\">\n\t\t\t\t\t\t\t\t\t<p>Hachez l&rsquo;oignon et mettez-le dans une casserole \u00e0 feu vif jusqu&rsquo;\u00e0 ce qu&rsquo;il commence \u00e0 dorer. Baissez l&rsquo;intensit\u00e9 du feu et ajoutez le poivre hach\u00e9 de la m\u00eame mani\u00e8re. Apr\u00e8s quelques minutes, mettez les courgettes coup\u00e9es en petits morceaux et couvrez la casserole.<\/p>\n<p>Couper les pommes de terre et les faire dorer dans une autre casserole. Ajouter le bacon coup\u00e9 en petits morceaux.<\/p>\n<p>Enfin m\u00e9langer le contenu des deux casseroles et servir sur chaque assiette avec un \u00e9gouttoir de sorte d\u2019obtenir un plat tr\u00e8s huileux.<\/p>\n\t\t\t\t\t\t\t\t<\/div>\n\t\t\t\t<\/div>\n\t\t\t\t\t<\/div>\n\t\t<\/div>\n\t\t\t\t<div class=\"elementor-column elementor-col-50 elementor-top-column elementor-element elementor-element-266e15e2\" data-id=\"266e15e2\" data-element_type=\"column\">\n\t\t\t<div class=\"elementor-widget-wrap elementor-element-populated\">\n\t\t\t\t\t\t<div class=\"elementor-element elementor-element-1eb172a3 elementor-align-center elementor-widget elementor-widget-button\" data-id=\"1eb172a3\" data-element_type=\"widget\" data-widget_type=\"button.default\">\n\t\t\t\t<div class=\"elementor-widget-container\">\n\t\t\t\t\t\t\t\t\t<div class=\"elementor-button-wrapper\">\n\t\t\t\t\t<a class=\"elementor-button elementor-button-link elementor-size-sm\" href=\"https:\/\/gastronomia-aragonesa.com\/fr\/recettess\/\">\n\t\t\t\t\t\t<span class=\"elementor-button-content-wrapper\">\n\t\t\t\t\t\t<span class=\"elementor-button-icon\">\n\t\t\t\t\t\t\t\t\t<i class=\"fa fa-arrow-circle-left\" aria-hidden=\"true\"><\/i>\n\t\t\t\t\t\t\t<\/span>\n\t\t\t\t\t\t\t\t\t<span class=\"elementor-button-text\">Retourner aux recettes<\/span>\n\t\t\t\t\t<\/span>\n\t\t\t\t\t<\/a>\n\t\t\t\t<\/div>\n\t\t\t\t\t\t\t\t<\/div>\n\t\t\t\t<\/div>\n\t\t\t\t\t<\/div>\n\t\t<\/div>\n\t\t\t\t\t<\/div>\n\t\t<\/section>\n\t\t\t\t<\/div>\n\t\t","protected":false},"excerpt":{"rendered":"<p>Fritada aragonesa Ingr\u00e9dients (4 personnes) 2 courgettes moyennes 2 oignons 2 pommes de terre 2 tranches de bacon 2 poivrons verts sel 1 dl. d&rsquo;huile Pr\u00e9paration Hachez l&rsquo;oignon et mettez-le dans une casserole \u00e0 feu vif jusqu&rsquo;\u00e0 ce qu&rsquo;il commence \u00e0 dorer. Baissez l&rsquo;intensit\u00e9 du feu et ajoutez le poivre hach\u00e9 de la m\u00eame mani\u00e8re. &#8230; <a title=\"Fritada aragonesa\" class=\"read-more\" href=\"https:\/\/gastronomia-aragonesa.com\/fr\/recettess\/fritada-aragonesa\/\" aria-label=\"En savoir plus sur Fritada aragonesa\">Lire la suite<\/a><\/p>\n","protected":false},"author":2,"featured_media":0,"parent":3422,"menu_order":9,"comment_status":"closed","ping_status":"closed","template":"","meta":{"_acf_changed":false,"generate_page_header":"","footnotes":""},"class_list":["post-3342","page","type-page","status-publish"],"acf":[],"yoast_head":"<!-- This site is optimized with the Yoast SEO plugin v26.6 - https:\/\/yoast.com\/wordpress\/plugins\/seo\/ -->\n<title>Fritada aragonesa - Gastronom\u00eda Aragonesa<\/title>\n<meta name=\"description\" content=\"Hachez l\u2019oignon et mettez-le dans une casserole \u00e0 feu vif jusqu\u2019\u00e0 ce qu\u2019il commence \u00e0 dorer. Baissez l\u2019intensit\u00e9 du feu et ajoutez le poivre hach\u00e9\" \/>\n<meta name=\"robots\" content=\"index, follow, max-snippet:-1, max-image-preview:large, max-video-preview:-1\" \/>\n<link rel=\"canonical\" href=\"https:\/\/gastronomia-aragonesa.com\/recetas\/fritada-aragonesa\/\" \/>\n<meta property=\"og:locale\" content=\"fr_FR\" \/>\n<meta property=\"og:type\" content=\"article\" \/>\n<meta property=\"og:title\" content=\"Fritada aragonesa - Gastronom\u00eda Aragonesa\" \/>\n<meta property=\"og:description\" content=\"Hachez l\u2019oignon et mettez-le dans une casserole \u00e0 feu vif jusqu\u2019\u00e0 ce qu\u2019il commence \u00e0 dorer. Baissez l\u2019intensit\u00e9 du feu et ajoutez le poivre hach\u00e9\" \/>\n<meta property=\"og:url\" content=\"https:\/\/gastronomia-aragonesa.com\/recetas\/fritada-aragonesa\/\" \/>\n<meta property=\"og:site_name\" content=\"Gastronom\u00eda Aragonesa\" \/>\n<meta property=\"article:modified_time\" content=\"2019-03-27T16:44:04+00:00\" \/>\n<meta property=\"og:image\" content=\"https:\/\/gastronomia-aragonesa.com\/wp-content\/uploads\/2018\/04\/fritada-aragonesa-2-1024x669.jpg\" \/>\n<meta name=\"twitter:card\" content=\"summary_large_image\" \/>\n<meta name=\"twitter:label1\" content=\"Dur\u00e9e de lecture estim\u00e9e\" \/>\n\t<meta name=\"twitter:data1\" content=\"1 minute\" \/>\n<script type=\"application\/ld+json\" class=\"yoast-schema-graph\">{\"@context\":\"https:\/\/schema.org\",\"@graph\":[{\"@type\":\"WebPage\",\"@id\":\"https:\/\/gastronomia-aragonesa.com\/recetas\/fritada-aragonesa\/\",\"url\":\"https:\/\/gastronomia-aragonesa.com\/recetas\/fritada-aragonesa\/\",\"name\":\"Fritada aragonesa - Gastronom\u00eda Aragonesa\",\"isPartOf\":{\"@id\":\"https:\/\/gastronomia-aragonesa.com\/#website\"},\"primaryImageOfPage\":{\"@id\":\"https:\/\/gastronomia-aragonesa.com\/recetas\/fritada-aragonesa\/#primaryimage\"},\"image\":{\"@id\":\"https:\/\/gastronomia-aragonesa.com\/recetas\/fritada-aragonesa\/#primaryimage\"},\"thumbnailUrl\":\"https:\/\/gastronomia-aragonesa.com\/wp-content\/uploads\/2018\/04\/fritada-aragonesa-2-1024x669.jpg\",\"datePublished\":\"2018-07-12T08:25:06+00:00\",\"dateModified\":\"2019-03-27T16:44:04+00:00\",\"description\":\"Hachez l\u2019oignon et mettez-le dans une casserole \u00e0 feu vif jusqu\u2019\u00e0 ce qu\u2019il commence \u00e0 dorer. Baissez l\u2019intensit\u00e9 du feu et ajoutez le poivre hach\u00e9\",\"breadcrumb\":{\"@id\":\"https:\/\/gastronomia-aragonesa.com\/recetas\/fritada-aragonesa\/#breadcrumb\"},\"inLanguage\":\"fr-FR\",\"potentialAction\":[{\"@type\":\"ReadAction\",\"target\":[\"https:\/\/gastronomia-aragonesa.com\/recetas\/fritada-aragonesa\/\"]}]},{\"@type\":\"ImageObject\",\"inLanguage\":\"fr-FR\",\"@id\":\"https:\/\/gastronomia-aragonesa.com\/recetas\/fritada-aragonesa\/#primaryimage\",\"url\":\"https:\/\/gastronomia-aragonesa.com\/wp-content\/uploads\/2018\/04\/fritada-aragonesa-2-1024x669.jpg\",\"contentUrl\":\"https:\/\/gastronomia-aragonesa.com\/wp-content\/uploads\/2018\/04\/fritada-aragonesa-2-1024x669.jpg\"},{\"@type\":\"BreadcrumbList\",\"@id\":\"https:\/\/gastronomia-aragonesa.com\/recetas\/fritada-aragonesa\/#breadcrumb\",\"itemListElement\":[{\"@type\":\"ListItem\",\"position\":1,\"name\":\"Portada\",\"item\":\"https:\/\/gastronomia-aragonesa.com\/\"},{\"@type\":\"ListItem\",\"position\":2,\"name\":\"RECETTES\",\"item\":\"https:\/\/gastronomia-aragonesa.com\/recetas\/\"},{\"@type\":\"ListItem\",\"position\":3,\"name\":\"Fritada aragonesa\"}]},{\"@type\":\"WebSite\",\"@id\":\"https:\/\/gastronomia-aragonesa.com\/#website\",\"url\":\"https:\/\/gastronomia-aragonesa.com\/\",\"name\":\"Gastronom\u00eda Aragonesa\",\"description\":\"\",\"publisher\":{\"@id\":\"https:\/\/gastronomia-aragonesa.com\/#organization\"},\"potentialAction\":[{\"@type\":\"SearchAction\",\"target\":{\"@type\":\"EntryPoint\",\"urlTemplate\":\"https:\/\/gastronomia-aragonesa.com\/?s={search_term_string}\"},\"query-input\":{\"@type\":\"PropertyValueSpecification\",\"valueRequired\":true,\"valueName\":\"search_term_string\"}}],\"inLanguage\":\"fr-FR\"},{\"@type\":\"Organization\",\"@id\":\"https:\/\/gastronomia-aragonesa.com\/#organization\",\"name\":\"Gastronom\u00eda Aragonesa, Turismo de Arag\u00f3n\",\"url\":\"https:\/\/gastronomia-aragonesa.com\/\",\"logo\":{\"@type\":\"ImageObject\",\"inLanguage\":\"fr-FR\",\"@id\":\"https:\/\/gastronomia-aragonesa.com\/#\/schema\/logo\/image\/\",\"url\":\"https:\/\/gastronomia-aragonesa.com\/wp-content\/uploads\/2019\/04\/gastronomia-aragonesa-turismo-de-aragon-1.png\",\"contentUrl\":\"https:\/\/gastronomia-aragonesa.com\/wp-content\/uploads\/2019\/04\/gastronomia-aragonesa-turismo-de-aragon-1.png\",\"width\":260,\"height\":69,\"caption\":\"Gastronom\u00eda Aragonesa, Turismo de Arag\u00f3n\"},\"image\":{\"@id\":\"https:\/\/gastronomia-aragonesa.com\/#\/schema\/logo\/image\/\"}}]}<\/script>\n<!-- \/ Yoast SEO plugin. -->","yoast_head_json":{"title":"Fritada aragonesa - Gastronom\u00eda Aragonesa","description":"Hachez l\u2019oignon et mettez-le dans une casserole \u00e0 feu vif jusqu\u2019\u00e0 ce qu\u2019il commence \u00e0 dorer. Baissez l\u2019intensit\u00e9 du feu et ajoutez le poivre hach\u00e9","robots":{"index":"index","follow":"follow","max-snippet":"max-snippet:-1","max-image-preview":"max-image-preview:large","max-video-preview":"max-video-preview:-1"},"canonical":"https:\/\/gastronomia-aragonesa.com\/recetas\/fritada-aragonesa\/","og_locale":"fr_FR","og_type":"article","og_title":"Fritada aragonesa - Gastronom\u00eda Aragonesa","og_description":"Hachez l\u2019oignon et mettez-le dans une casserole \u00e0 feu vif jusqu\u2019\u00e0 ce qu\u2019il commence \u00e0 dorer. Baissez l\u2019intensit\u00e9 du feu et ajoutez le poivre hach\u00e9","og_url":"https:\/\/gastronomia-aragonesa.com\/recetas\/fritada-aragonesa\/","og_site_name":"Gastronom\u00eda Aragonesa","article_modified_time":"2019-03-27T16:44:04+00:00","og_image":[{"url":"https:\/\/gastronomia-aragonesa.com\/wp-content\/uploads\/2018\/04\/fritada-aragonesa-2-1024x669.jpg","type":"","width":"","height":""}],"twitter_card":"summary_large_image","twitter_misc":{"Dur\u00e9e de lecture estim\u00e9e":"1 minute"},"schema":{"@context":"https:\/\/schema.org","@graph":[{"@type":"WebPage","@id":"https:\/\/gastronomia-aragonesa.com\/recetas\/fritada-aragonesa\/","url":"https:\/\/gastronomia-aragonesa.com\/recetas\/fritada-aragonesa\/","name":"Fritada aragonesa - Gastronom\u00eda Aragonesa","isPartOf":{"@id":"https:\/\/gastronomia-aragonesa.com\/#website"},"primaryImageOfPage":{"@id":"https:\/\/gastronomia-aragonesa.com\/recetas\/fritada-aragonesa\/#primaryimage"},"image":{"@id":"https:\/\/gastronomia-aragonesa.com\/recetas\/fritada-aragonesa\/#primaryimage"},"thumbnailUrl":"https:\/\/gastronomia-aragonesa.com\/wp-content\/uploads\/2018\/04\/fritada-aragonesa-2-1024x669.jpg","datePublished":"2018-07-12T08:25:06+00:00","dateModified":"2019-03-27T16:44:04+00:00","description":"Hachez l\u2019oignon et mettez-le dans une casserole \u00e0 feu vif jusqu\u2019\u00e0 ce qu\u2019il commence \u00e0 dorer. Baissez l\u2019intensit\u00e9 du feu et ajoutez le poivre hach\u00e9","breadcrumb":{"@id":"https:\/\/gastronomia-aragonesa.com\/recetas\/fritada-aragonesa\/#breadcrumb"},"inLanguage":"fr-FR","potentialAction":[{"@type":"ReadAction","target":["https:\/\/gastronomia-aragonesa.com\/recetas\/fritada-aragonesa\/"]}]},{"@type":"ImageObject","inLanguage":"fr-FR","@id":"https:\/\/gastronomia-aragonesa.com\/recetas\/fritada-aragonesa\/#primaryimage","url":"https:\/\/gastronomia-aragonesa.com\/wp-content\/uploads\/2018\/04\/fritada-aragonesa-2-1024x669.jpg","contentUrl":"https:\/\/gastronomia-aragonesa.com\/wp-content\/uploads\/2018\/04\/fritada-aragonesa-2-1024x669.jpg"},{"@type":"BreadcrumbList","@id":"https:\/\/gastronomia-aragonesa.com\/recetas\/fritada-aragonesa\/#breadcrumb","itemListElement":[{"@type":"ListItem","position":1,"name":"Portada","item":"https:\/\/gastronomia-aragonesa.com\/"},{"@type":"ListItem","position":2,"name":"RECETTES","item":"https:\/\/gastronomia-aragonesa.com\/recetas\/"},{"@type":"ListItem","position":3,"name":"Fritada aragonesa"}]},{"@type":"WebSite","@id":"https:\/\/gastronomia-aragonesa.com\/#website","url":"https:\/\/gastronomia-aragonesa.com\/","name":"Gastronom\u00eda Aragonesa","description":"","publisher":{"@id":"https:\/\/gastronomia-aragonesa.com\/#organization"},"potentialAction":[{"@type":"SearchAction","target":{"@type":"EntryPoint","urlTemplate":"https:\/\/gastronomia-aragonesa.com\/?s={search_term_string}"},"query-input":{"@type":"PropertyValueSpecification","valueRequired":true,"valueName":"search_term_string"}}],"inLanguage":"fr-FR"},{"@type":"Organization","@id":"https:\/\/gastronomia-aragonesa.com\/#organization","name":"Gastronom\u00eda Aragonesa, Turismo de Arag\u00f3n","url":"https:\/\/gastronomia-aragonesa.com\/","logo":{"@type":"ImageObject","inLanguage":"fr-FR","@id":"https:\/\/gastronomia-aragonesa.com\/#\/schema\/logo\/image\/","url":"https:\/\/gastronomia-aragonesa.com\/wp-content\/uploads\/2019\/04\/gastronomia-aragonesa-turismo-de-aragon-1.png","contentUrl":"https:\/\/gastronomia-aragonesa.com\/wp-content\/uploads\/2019\/04\/gastronomia-aragonesa-turismo-de-aragon-1.png","width":260,"height":69,"caption":"Gastronom\u00eda Aragonesa, Turismo de Arag\u00f3n"},"image":{"@id":"https:\/\/gastronomia-aragonesa.com\/#\/schema\/logo\/image\/"}}]}},"_links":{"self":[{"href":"https:\/\/gastronomia-aragonesa.com\/fr\/wp-json\/wp\/v2\/pages\/3342","targetHints":{"allow":["GET"]}}],"collection":[{"href":"https:\/\/gastronomia-aragonesa.com\/fr\/wp-json\/wp\/v2\/pages"}],"about":[{"href":"https:\/\/gastronomia-aragonesa.com\/fr\/wp-json\/wp\/v2\/types\/page"}],"author":[{"embeddable":true,"href":"https:\/\/gastronomia-aragonesa.com\/fr\/wp-json\/wp\/v2\/users\/2"}],"replies":[{"embeddable":true,"href":"https:\/\/gastronomia-aragonesa.com\/fr\/wp-json\/wp\/v2\/comments?post=3342"}],"version-history":[{"count":3,"href":"https:\/\/gastronomia-aragonesa.com\/fr\/wp-json\/wp\/v2\/pages\/3342\/revisions"}],"predecessor-version":[{"id":5656,"href":"https:\/\/gastronomia-aragonesa.com\/fr\/wp-json\/wp\/v2\/pages\/3342\/revisions\/5656"}],"up":[{"embeddable":true,"href":"https:\/\/gastronomia-aragonesa.com\/fr\/wp-json\/wp\/v2\/pages\/3422"}],"wp:attachment":[{"href":"https:\/\/gastronomia-aragonesa.com\/fr\/wp-json\/wp\/v2\/media?parent=3342"}],"curies":[{"name":"wp","href":"https:\/\/api.w.org\/{rel}","templated":true}]}}